{"id":601,"date":"2022-01-15T21:14:52","date_gmt":"2022-01-15T21:14:52","guid":{"rendered":"https:\/\/totalwpdemos.wpenginepowered.com\/olivia\/?page_id=601"},"modified":"2025-04-04T18:44:21","modified_gmt":"2025-04-04T16:44:21","slug":"contacto","status":"publish","type":"page","link":"https:\/\/neken.es\/en\/contacto\/","title":{"rendered":"Contact"},"content":{"rendered":"<div class=\"wpb-content-wrapper\"><div class=\"vc_row wpb_row vc_row-fluid wpex-relative hide-at-mm-breakpoint\"><div class=\"wpb_column vc_column_container vc_col-sm-12\"><div class=\"vc_column-inner\"><div class=\"wpb_wrapper\"><div class=\"wpex-template-shortcode\"><div class=\"vc_row wpb_row vc_row-fluid wpex-relative no-bottom-margins\"><div class=\"wpb_column vc_column_container vc_col-sm-12\"><div class=\"vc_column-inner\"><div class=\"wpb_wrapper\"><div class=\"vcex-spacing wpex-w-100 wpex-clear\" style=\"height:clamp(60px, 7vmax, 120px);\"><\/div><\/div><\/div><\/div><\/div>\n<\/div><\/div><\/div><\/div><\/div><div class=\"vc_row wpb_row vc_row-fluid vc_custom_1743673940169 vc_column-gap-30 vc_row-o-content-top vc_row-flex wpex-relative wpex-cols-right\"><div class=\"wpb_column vc_column_container vc_col-sm-6\"><div class=\"vc_column-inner\"><div class=\"wpb_wrapper\"><div class=\"wpb_gmaps_widget wpb_content_element\"><div class=\"wpb_wrapper\"><div class=\"wpb_map_wraper\"><iframe src=\"https:\/\/www.google.com\/maps\/embed?pb=!1m18!1m12!1m3!1d3033.724085570239!2d-3.891478386320761!3d40.50348397130688!2m3!1f0!2f0!3f0!3m2!1i1024!2i768!4f13.1!3m3!1m2!1s0xd418343d7d02c3b%3A0x51f2468c5a284b5!2sNeken%20Asesores!5e0!3m2!1ses!2ses!4v1743784890109!5m2!1ses!2ses\" width=\"100%\" height=\"600\" style=\"border:0;\" allowfullscreen=\"\" loading=\"lazy\" referrerpolicy=\"no-referrer-when-downgrade\"><\/iframe><\/div><\/div><\/div><\/div><\/div><\/div><div class=\"wpb_column vc_column_container vc_col-sm-6\"><div class=\"vc_column-inner\"><div class=\"wpb_wrapper\"><style>.vcex-heading.vcex_69dfcbd03868a{font-size:24px;font-weight:700;}<\/style><div class=\"vcex-heading vcex-heading-plain vcex-module wpex-heading wpex-text-2xl wpex-mb-5 vcex_69dfcbd03868a\"><span class=\"vcex-heading-inner wpex-inline-block\">Neken Asesores<\/span><\/div>\n\t<div class=\"wpb_text_column wpb_content_element\" >\n\t\t<div class=\"wpb_wrapper\">\n\t\t\t<p>Street Copenhagen, 10 \u2013 Office 5a<br \/>\n28232 Las Rozas de Madrid<br \/>\nPhone: <a href=\"tel:916409246\">916 409 246<\/a><\/p>\n\n\t\t<\/div>\n\t<\/div>\n<div class=\"vcex-spacing wpex-w-100 wpex-clear\"><\/div><style>.vcex-heading.vcex_69dfcbd03948e{font-size:24px;font-weight:700;}<\/style><div class=\"vcex-heading vcex-heading-plain vcex-module wpex-heading wpex-text-2xl wpex-mb-5 vcex_69dfcbd03948e\"><span class=\"vcex-heading-inner wpex-inline-block\">Contact us<\/span><\/div>\n\t<div class=\"wpb_text_column wpb_content_element\" >\n\t\t<div class=\"wpb_wrapper\">\n\t\t\t<p>Fill out our form and we will be in touch with You as soon as possible.<\/p>\n\n\t\t<\/div>\n\t<\/div>\n<div class=\"vcex-spacing wpex-w-100 wpex-clear\"><\/div>\n<div class=\"wpcf7 no-js\" id=\"wpcf7-f626-o1\" lang=\"es-ES\" dir=\"ltr\" data-wpcf7-id=\"626\">\n<div class=\"screen-reader-response\"><p role=\"status\" aria-live=\"polite\" aria-atomic=\"true\"><\/p> <ul><\/ul><\/div>\n<form action=\"\/en\/wp-json\/wp\/v2\/pages\/601#wpcf7-f626-o1\" method=\"post\" class=\"wpcf7-form init\" aria-label=\"Formulario de contacto\" novalidate=\"novalidate\" data-status=\"init\" data-trp-original-action=\"\/en\/wp-json\/wp\/v2\/pages\/601#wpcf7-f626-o1\">\n<fieldset class=\"hidden-fields-container\"><input type=\"hidden\" name=\"_wpcf7\" value=\"626\" \/><input type=\"hidden\" name=\"_wpcf7_version\" value=\"6.1.5\" \/><input type=\"hidden\" name=\"_wpcf7_locale\" value=\"es_ES\" \/><input type=\"hidden\" name=\"_wpcf7_unit_tag\" value=\"wpcf7-f626-o1\" \/><input type=\"hidden\" name=\"_wpcf7_container_post\" value=\"0\" \/><input type=\"hidden\" name=\"_wpcf7_posted_data_hash\" value=\"\" \/>\n<\/fieldset>\n<div class=\"cf-container\">\n\t<div class=\"cf-col-12\">\n\t\t<p><label> Name<span style=\"color:#cb0a0a;\">*<\/span> <span class=\"wpcf7-form-control-wrap\" data-name=\"your-name\"><input size=\"40\" maxlength=\"400\" class=\"wpcf7-form-control wpcf7-text wpcf7-validates-as-required\" aria-required=\"true\" aria-invalid=\"false\" value=\"\" type=\"text\" name=\"your-name\" \/><\/span> <\/label>\n\t\t<\/p>\n\t<\/div>\n\t<div class=\"cf-col-6\">\n\t\t<p><label> Phone<span style=\"color:#cb0a0a;\">*<\/span> <span class=\"wpcf7-form-control-wrap\" data-name=\"tel-548\"><input size=\"40\" maxlength=\"400\" class=\"wpcf7-form-control wpcf7-tel wpcf7-validates-as-required wpcf7-text wpcf7-validates-as-tel\" aria-required=\"true\" aria-invalid=\"false\" value=\"\" type=\"tel\" name=\"tel-548\" \/><\/span> <\/label>\n\t\t<\/p>\n\t<\/div>\n\t<div class=\"cf-col-6\">\n\t\t<p><label> Email<span style=\"color:#cb0a0a;\">*<\/span> <span class=\"wpcf7-form-control-wrap\" data-name=\"your-email\"><input size=\"40\" maxlength=\"400\" class=\"wpcf7-form-control wpcf7-email wpcf7-validates-as-required wpcf7-text wpcf7-validates-as-email\" aria-required=\"true\" aria-invalid=\"false\" value=\"\" type=\"email\" name=\"your-email\" \/><\/span> <\/label>\n\t\t<\/p>\n\t<\/div>\n\t<div class=\"cf-col-12\">\n\t\t<p><label> Message<span style=\"color:#cb0a0a;\">*<\/span> <span class=\"wpcf7-form-control-wrap\" data-name=\"your-message\"><textarea cols=\"40\" rows=\"10\" maxlength=\"2000\" class=\"wpcf7-form-control wpcf7-textarea wpcf7-validates-as-required\" aria-required=\"true\" aria-invalid=\"false\" name=\"your-message\"><\/textarea><\/span> <\/label>\n\t\t<\/p>\n\t<\/div>\n<\/div>\n<p style=\"display: inline-flex; font-size:75%;margin-bottom:48px;\"><span class=\"wpcf7-form-control-wrap\" data-name=\"acceptance-700\"><span class=\"wpcf7-form-control wpcf7-acceptance\"><span class=\"wpcf7-list-item\"><input type=\"checkbox\" name=\"acceptance-700\" value=\"1\" aria-invalid=\"false\" \/><\/span><\/span><\/span> By using this form you authorize the storage and management of your data according to our <a style=\"display: contents; margin-left:6px; font-weight:600;\" target =\"_blank\" href=\"\/en\/politica-privacidad\/\">Privacy policy<\/a>.\n<\/p>\n<p><input class=\"wpcf7-form-control wpcf7-submit has-spinner\" type=\"submit\" value=\"Send\" \/>\n<\/p><p style=\"display: none !important;\" class=\"akismet-fields-container\" data-prefix=\"_wpcf7_ak_\"><label>&#916;<textarea name=\"_wpcf7_ak_hp_textarea\" cols=\"45\" rows=\"8\" maxlength=\"100\"><\/textarea><\/label><input type=\"hidden\" id=\"ak_js_1\" name=\"_wpcf7_ak_js\" value=\"85\"\/><script>document.getElementById( \"ak_js_1\" ).setAttribute( \"value\", ( new Date() ).getTime() );<\/script><\/p><div class=\"wpcf7-response-output\" aria-hidden=\"true\"><\/div>\n<input type=\"hidden\" name=\"trp-form-language\" value=\"en\"\/><\/form>\n<\/div>\n<\/div><\/div><\/div><\/div>\n<\/div>","protected":false},"excerpt":{"rendered":"Neken Asesores Calle Copenhague, 10 - Oficina 5 Bis 28232 Las Rozas de Madrid Telf: 916 409 246 Contacta con nosotros Rellene nuestro formulario y nos pondremos en contacto con Ud. a la mayor brevedad posible. Nombre* Tel\u00e9fono* Email* Mensaje* Al usar este formulario autorizas el almacenamiento y gesti\u00f3n de tus datos seg\u00fan nuestra Pol\u00edtica&hellip;","protected":false},"author":1,"featured_media":947,"parent":0,"menu_order":6,"comment_status":"closed","ping_status":"closed","template":"","meta":{"footnotes":""},"class_list":["post-601","page","type-page","status-publish","has-post-thumbnail","hentry","entry","has-media"],"yoast_head":"<!-- This site is optimized with the Yoast SEO plugin v27.3 - https:\/\/yoast.com\/product\/yoast-seo-wordpress\/ -->\n<title>Contacto - Neken<\/title>\n<meta name=\"robots\" content=\"index, follow, max-snippet:-1, max-image-preview:large, max-video-preview:-1\" \/>\n<link rel=\"canonical\" href=\"https:\/\/neken.es\/en\/contacto\/\" \/>\n<meta property=\"og:locale\" content=\"en_GB\" \/>\n<meta property=\"og:type\" content=\"article\" \/>\n<meta property=\"og:title\" content=\"Contacto - Neken\" \/>\n<meta property=\"og:url\" content=\"https:\/\/neken.es\/en\/contacto\/\" \/>\n<meta property=\"og:site_name\" content=\"Neken\" \/>\n<meta property=\"article:modified_time\" content=\"2025-04-04T16:44:21+00:00\" \/>\n<meta property=\"og:image\" content=\"https:\/\/neken.es\/wp-content\/uploads\/2025\/04\/contacto-neken-asesores-las-rozas.jpg\" \/>\n\t<meta property=\"og:image:width\" content=\"534\" \/>\n\t<meta property=\"og:image:height\" content=\"800\" \/>\n\t<meta property=\"og:image:type\" content=\"image\/jpeg\" \/>\n<meta name=\"twitter:card\" content=\"summary_large_image\" \/>\n<meta name=\"twitter:label1\" content=\"Estimated reading time\" \/>\n\t<meta name=\"twitter:data1\" content=\"1 minute\" \/>\n<script type=\"application\/ld+json\" class=\"yoast-schema-graph\">{\"@context\":\"https:\\\/\\\/schema.org\",\"@graph\":[{\"@type\":\"WebPage\",\"@id\":\"https:\\\/\\\/neken.es\\\/contacto\\\/\",\"url\":\"https:\\\/\\\/neken.es\\\/contacto\\\/\",\"name\":\"Contacto - Neken\",\"isPartOf\":{\"@id\":\"https:\\\/\\\/neken.es\\\/#website\"},\"primaryImageOfPage\":{\"@id\":\"https:\\\/\\\/neken.es\\\/contacto\\\/#primaryimage\"},\"image\":{\"@id\":\"https:\\\/\\\/neken.es\\\/contacto\\\/#primaryimage\"},\"thumbnailUrl\":\"https:\\\/\\\/neken.es\\\/wp-content\\\/uploads\\\/2025\\\/04\\\/contacto-neken-asesores-las-rozas.jpg\",\"datePublished\":\"2022-01-15T21:14:52+00:00\",\"dateModified\":\"2025-04-04T16:44:21+00:00\",\"breadcrumb\":{\"@id\":\"https:\\\/\\\/neken.es\\\/contacto\\\/#breadcrumb\"},\"inLanguage\":\"en-GB\",\"potentialAction\":[{\"@type\":\"ReadAction\",\"target\":[\"https:\\\/\\\/neken.es\\\/contacto\\\/\"]}]},{\"@type\":\"ImageObject\",\"inLanguage\":\"en-GB\",\"@id\":\"https:\\\/\\\/neken.es\\\/contacto\\\/#primaryimage\",\"url\":\"https:\\\/\\\/neken.es\\\/wp-content\\\/uploads\\\/2025\\\/04\\\/contacto-neken-asesores-las-rozas.jpg\",\"contentUrl\":\"https:\\\/\\\/neken.es\\\/wp-content\\\/uploads\\\/2025\\\/04\\\/contacto-neken-asesores-las-rozas.jpg\",\"width\":534,\"height\":800},{\"@type\":\"BreadcrumbList\",\"@id\":\"https:\\\/\\\/neken.es\\\/contacto\\\/#breadcrumb\",\"itemListElement\":[{\"@type\":\"ListItem\",\"position\":1,\"name\":\"Portada\",\"item\":\"https:\\\/\\\/neken.es\\\/\"},{\"@type\":\"ListItem\",\"position\":2,\"name\":\"Contacto\"}]},{\"@type\":\"WebSite\",\"@id\":\"https:\\\/\\\/neken.es\\\/#website\",\"url\":\"https:\\\/\\\/neken.es\\\/\",\"name\":\"Neken\",\"description\":\"My Landing\",\"publisher\":{\"@id\":\"https:\\\/\\\/neken.es\\\/#organization\"},\"potentialAction\":[{\"@type\":\"SearchAction\",\"target\":{\"@type\":\"EntryPoint\",\"urlTemplate\":\"https:\\\/\\\/neken.es\\\/?s={search_term_string}\"},\"query-input\":{\"@type\":\"PropertyValueSpecification\",\"valueRequired\":true,\"valueName\":\"search_term_string\"}}],\"inLanguage\":\"en-GB\"},{\"@type\":\"Organization\",\"@id\":\"https:\\\/\\\/neken.es\\\/#organization\",\"name\":\"Neken\",\"url\":\"https:\\\/\\\/neken.es\\\/\",\"logo\":{\"@type\":\"ImageObject\",\"inLanguage\":\"en-GB\",\"@id\":\"https:\\\/\\\/neken.es\\\/#\\\/schema\\\/logo\\\/image\\\/\",\"url\":\"https:\\\/\\\/neken.es\\\/wp-content\\\/uploads\\\/2025\\\/04\\\/logo-neken1.png\",\"contentUrl\":\"https:\\\/\\\/neken.es\\\/wp-content\\\/uploads\\\/2025\\\/04\\\/logo-neken1.png\",\"width\":212,\"height\":70,\"caption\":\"Neken\"},\"image\":{\"@id\":\"https:\\\/\\\/neken.es\\\/#\\\/schema\\\/logo\\\/image\\\/\"}}]}<\/script>\n<!-- \/ Yoast SEO plugin. -->","yoast_head_json":{"title":"Contacto - Neken","robots":{"index":"index","follow":"follow","max-snippet":"max-snippet:-1","max-image-preview":"max-image-preview:large","max-video-preview":"max-video-preview:-1"},"canonical":"https:\/\/neken.es\/en\/contacto\/","og_locale":"en_GB","og_type":"article","og_title":"Contacto - Neken","og_url":"https:\/\/neken.es\/en\/contacto\/","og_site_name":"Neken","article_modified_time":"2025-04-04T16:44:21+00:00","og_image":[{"width":534,"height":800,"url":"https:\/\/neken.es\/wp-content\/uploads\/2025\/04\/contacto-neken-asesores-las-rozas.jpg","type":"image\/jpeg"}],"twitter_card":"summary_large_image","twitter_misc":{"Estimated reading time":"1 minute"},"schema":{"@context":"https:\/\/schema.org","@graph":[{"@type":"WebPage","@id":"https:\/\/neken.es\/contacto\/","url":"https:\/\/neken.es\/contacto\/","name":"Contacto - Neken","isPartOf":{"@id":"https:\/\/neken.es\/#website"},"primaryImageOfPage":{"@id":"https:\/\/neken.es\/contacto\/#primaryimage"},"image":{"@id":"https:\/\/neken.es\/contacto\/#primaryimage"},"thumbnailUrl":"https:\/\/neken.es\/wp-content\/uploads\/2025\/04\/contacto-neken-asesores-las-rozas.jpg","datePublished":"2022-01-15T21:14:52+00:00","dateModified":"2025-04-04T16:44:21+00:00","breadcrumb":{"@id":"https:\/\/neken.es\/contacto\/#breadcrumb"},"inLanguage":"en-GB","potentialAction":[{"@type":"ReadAction","target":["https:\/\/neken.es\/contacto\/"]}]},{"@type":"ImageObject","inLanguage":"en-GB","@id":"https:\/\/neken.es\/contacto\/#primaryimage","url":"https:\/\/neken.es\/wp-content\/uploads\/2025\/04\/contacto-neken-asesores-las-rozas.jpg","contentUrl":"https:\/\/neken.es\/wp-content\/uploads\/2025\/04\/contacto-neken-asesores-las-rozas.jpg","width":534,"height":800},{"@type":"BreadcrumbList","@id":"https:\/\/neken.es\/contacto\/#breadcrumb","itemListElement":[{"@type":"ListItem","position":1,"name":"Portada","item":"https:\/\/neken.es\/"},{"@type":"ListItem","position":2,"name":"Contacto"}]},{"@type":"WebSite","@id":"https:\/\/neken.es\/#website","url":"https:\/\/neken.es\/","name":"Neken","description":"My Landing","publisher":{"@id":"https:\/\/neken.es\/#organization"},"potentialAction":[{"@type":"SearchAction","target":{"@type":"EntryPoint","urlTemplate":"https:\/\/neken.es\/?s={search_term_string}"},"query-input":{"@type":"PropertyValueSpecification","valueRequired":true,"valueName":"search_term_string"}}],"inLanguage":"en-GB"},{"@type":"Organization","@id":"https:\/\/neken.es\/#organization","name":"Neken","url":"https:\/\/neken.es\/","logo":{"@type":"ImageObject","inLanguage":"en-GB","@id":"https:\/\/neken.es\/#\/schema\/logo\/image\/","url":"https:\/\/neken.es\/wp-content\/uploads\/2025\/04\/logo-neken1.png","contentUrl":"https:\/\/neken.es\/wp-content\/uploads\/2025\/04\/logo-neken1.png","width":212,"height":70,"caption":"Neken"},"image":{"@id":"https:\/\/neken.es\/#\/schema\/logo\/image\/"}}]}},"_links":{"self":[{"href":"https:\/\/neken.es\/en\/wp-json\/wp\/v2\/pages\/601","targetHints":{"allow":["GET"]}}],"collection":[{"href":"https:\/\/neken.es\/en\/wp-json\/wp\/v2\/pages"}],"about":[{"href":"https:\/\/neken.es\/en\/wp-json\/wp\/v2\/types\/page"}],"author":[{"embeddable":true,"href":"https:\/\/neken.es\/en\/wp-json\/wp\/v2\/users\/1"}],"replies":[{"embeddable":true,"href":"https:\/\/neken.es\/en\/wp-json\/wp\/v2\/comments?post=601"}],"version-history":[{"count":37,"href":"https:\/\/neken.es\/en\/wp-json\/wp\/v2\/pages\/601\/revisions"}],"predecessor-version":[{"id":990,"href":"https:\/\/neken.es\/en\/wp-json\/wp\/v2\/pages\/601\/revisions\/990"}],"wp:featuredmedia":[{"embeddable":true,"href":"https:\/\/neken.es\/en\/wp-json\/wp\/v2\/media\/947"}],"wp:attachment":[{"href":"https:\/\/neken.es\/en\/wp-json\/wp\/v2\/media?parent=601"}],"curies":[{"name":"wp","href":"https:\/\/api.w.org\/{rel}","templated":true}]}}