{"id":853,"date":"2025-04-02T18:29:44","date_gmt":"2025-04-02T16:29:44","guid":{"rendered":"https:\/\/neken.es\/?page_id=853"},"modified":"2025-04-10T12:41:13","modified_gmt":"2025-04-10T10:41:13","slug":"quienes-somos","status":"publish","type":"page","link":"https:\/\/neken.es\/en\/quienes-somos\/","title":{"rendered":"Who We Are"},"content":{"rendered":"<div class=\"wpb-content-wrapper\"><div class=\"vc_section vc_custom_1671107092889 wpex-relative\"><div class=\"vc_row wpb_row vc_row-fluid vc_custom_1731003994469 wpex-vc-full-width-row wpex-vc-full-width-row--centered wpex-relative wpex-vc_row-has-fill wpex-vc-reset-negative-margin wpex-has-overlay wpex-has-overlay--69e01e00c90d4\"><div class=\"wpex-bg-overlay-wrap wpex-absolute wpex-inset-0 wpex-rounded-inherit\"><style class=\"wpex-bg-overlay-css\">.wpex-has-overlay--69e01e00c90d4 > .wpex-bg-overlay-wrap .wpex-bg-overlay{background-color:#000000;opacity:25%;}<\/style><span class=\"wpex-bg-overlay dark wpex-absolute wpex-inset-0 wpex-rounded-inherit wpex-duration-500 wpex-opacity-60 wpex-bg-black\"><\/span><\/div><div class=\"wpb_column vc_column_container vc_col-sm-3\"><div class=\"vc_column-inner vc_custom_1671121191666\"><div class=\"wpb_wrapper\"><\/div><\/div><\/div><div class=\"wpb_column vc_column_container vc_col-sm-6\"><div class=\"vc_column-inner\"><div class=\"wpb_wrapper\"><style>.vcex-heading.vcex_69e01e00c9e4d{color:#ffffff;font-weight:600;text-transform:uppercase;}<\/style><h1 class=\"vcex-heading vcex-heading-plain vcex-module wpex-heading wpex-text-2xl wpex-text-center vc_custom_1743679263972 vcex_69e01e00c9e4d\"><span class=\"vcex-heading-inner wpex-inline-block\">Who We Are<\/span><\/h1>\n\t<div style=\"color:#ffffff;font-size:1.2em;text-align:center;\" class=\"wpb_text_column has-custom-color wpex-child-inherit-color wpb_content_element\" >\n\t\t<div class=\"wpb_wrapper\">\n\t\t\t<p>More than 30 years offering a service of comprehensive advice based on the professionalism, dedication and closeness.<\/p>\n\n\t\t<\/div>\n\t<\/div>\n<div class=\"vcex-spacing wpex-w-100 wpex-clear\" style=\"height:clamp(50px, 5vmax, 80px);\"><\/div><style>.vcex-button.vcex_69e01e00cb253{background:var(--wpex-accent);color:var(--wpex-on-accent)!important;}.vcex-button.vcex_69e01e00cb253:hover{background:var(--wpex-accent-alt)!important;color:var(--wpex-on-accent-alt)!important;}<\/style><div class=\"theme-button-wrap textcenter wpex-clr\"><a href=\"http:\/\/neken.es\/en\/contacto\/\" class=\"vcex-button theme-button align-center inline vcex_69e01e00cb253\"><span class=\"vcex-button-inner theme-button-inner wpex-flex wpex-flex-wrap wpex-items-center wpex-justify-center\">Contact<\/span><\/a><\/div> <\/div><\/div><\/div><div class=\"wpb_column vc_column_container vc_col-sm-3\"><div class=\"vc_column-inner\"><div class=\"wpb_wrapper\"><\/div><\/div><\/div><\/div><\/div><div class=\"vc_section wpex-vc-full-width-section wpex-vc-full-width-section--centered wpex-relative\"><div class=\"vc_row wpb_row vc_row-fluid vc_custom_1731059902456 wpex-vc-full-width-row wpex-vc-full-width-row--centered wpex-relative no-bottom-margins\"><div class=\"wpb_column vc_column_container vc_col-sm-12\"><div class=\"vc_column-inner\"><div class=\"wpb_wrapper\"><div class=\"vcex-spacing wpex-w-100 wpex-clear\" style=\"height:30px;\"><\/div><\/div><\/div><\/div><\/div><div class=\"vc_row wpb_row vc_row-fluid vc_custom_1743679403659 wpex-vc-full-width-row wpex-vc-full-width-row--centered wpex-relative wpex-cols-right\"><div class=\"wpb_column vc_column_container vc_col-sm-12\"><div class=\"vc_column-inner\"><div class=\"wpb_wrapper\"><style>.vcex-heading.vcex_69e01e00cc30f{font-weight:500;}<\/style><h2 class=\"vcex-heading vcex-heading-plain vcex-module wpex-heading wpex-text-2xl wpex-mb-10 vcex_69e01e00cc30f\"><span class=\"vcex-heading-inner wpex-inline-block\">Real commitment to Each Client<\/span><\/h2>\n\t<div class=\"wpb_text_column wpb_content_element\" >\n\t\t<div class=\"wpb_wrapper\">\n\t\t\t<p>Our team of experts works with a <strong>personalized and human<\/strong>understanding the needs of each client in order to provide effective solutions and adapted. We are committed to providing a close accompaniment and transparent, <strong>ensuring peace of mind and the success of the self-employed, smes and large companies<\/strong>.<br \/>\nIn Neken, your trust is our greatest responsibility.<\/p>\n<p>Each client is unique, that&#039;s why <strong>we get involved from the first moment with proximity, clarity and commitment<\/strong>. Over more than three decades, we have built long-lasting relationships based on mutual trust and real results. Our goal is not just to solve problems, but to anticipate them and help you make the best decisions to grow your business with security and professional support.<\/p>\n\n\t\t<\/div>\n\t<\/div>\n<\/div><\/div><\/div><\/div><\/div>\n<\/div>","protected":false},"excerpt":{"rendered":"Qui\u00e9nes Somos M\u00e1s de 30 a\u00f1os ofreciendo un servicio de asesor\u00eda integral basado en la profesionalidad, dedicaci\u00f3n y cercan\u00eda. Contactar Compromiso Real con Cada Cliente Nuestro equipo de expertos trabaja con un trato personalizado y humano, entendiendo las necesidades de cada cliente para ofrecer soluciones eficaces y adaptadas. Nos comprometemos a brindar un acompa\u00f1amiento cercano&hellip;","protected":false},"author":1,"featured_media":967,"parent":0,"menu_order":1,"comment_status":"closed","ping_status":"closed","template":"","meta":{"footnotes":""},"class_list":["post-853","page","type-page","status-publish","has-post-thumbnail","hentry","entry","has-media"],"yoast_head":"<!-- This site is optimized with the Yoast SEO plugin v27.3 - https:\/\/yoast.com\/product\/yoast-seo-wordpress\/ -->\n<title>Qui\u00e9nes Somos - Neken<\/title>\n<meta name=\"robots\" content=\"index, follow, max-snippet:-1, max-image-preview:large, max-video-preview:-1\" \/>\n<link rel=\"canonical\" href=\"https:\/\/neken.es\/en\/quienes-somos\/\" \/>\n<meta property=\"og:locale\" content=\"en_GB\" \/>\n<meta property=\"og:type\" content=\"article\" \/>\n<meta property=\"og:title\" content=\"Qui\u00e9nes Somos - Neken\" \/>\n<meta property=\"og:url\" content=\"https:\/\/neken.es\/en\/quienes-somos\/\" \/>\n<meta property=\"og:site_name\" content=\"Neken\" \/>\n<meta property=\"article:modified_time\" content=\"2025-04-10T10:41:13+00:00\" \/>\n<meta property=\"og:image\" content=\"https:\/\/neken.es\/wp-content\/uploads\/2025\/04\/neken-asesoria-integral-madrid.jpg\" \/>\n\t<meta property=\"og:image:width\" content=\"1200\" \/>\n\t<meta property=\"og:image:height\" content=\"600\" \/>\n\t<meta property=\"og:image:type\" content=\"image\/jpeg\" \/>\n<meta name=\"twitter:card\" content=\"summary_large_image\" \/>\n<meta name=\"twitter:label1\" content=\"Estimated reading time\" \/>\n\t<meta name=\"twitter:data1\" content=\"2 minutes\" \/>\n<script type=\"application\/ld+json\" class=\"yoast-schema-graph\">{\"@context\":\"https:\\\/\\\/schema.org\",\"@graph\":[{\"@type\":\"WebPage\",\"@id\":\"https:\\\/\\\/neken.es\\\/quienes-somos\\\/\",\"url\":\"https:\\\/\\\/neken.es\\\/quienes-somos\\\/\",\"name\":\"Qui\u00e9nes Somos - Neken\",\"isPartOf\":{\"@id\":\"https:\\\/\\\/neken.es\\\/#website\"},\"primaryImageOfPage\":{\"@id\":\"https:\\\/\\\/neken.es\\\/quienes-somos\\\/#primaryimage\"},\"image\":{\"@id\":\"https:\\\/\\\/neken.es\\\/quienes-somos\\\/#primaryimage\"},\"thumbnailUrl\":\"https:\\\/\\\/neken.es\\\/wp-content\\\/uploads\\\/2025\\\/04\\\/neken-asesoria-integral-madrid.jpg\",\"datePublished\":\"2025-04-02T16:29:44+00:00\",\"dateModified\":\"2025-04-10T10:41:13+00:00\",\"breadcrumb\":{\"@id\":\"https:\\\/\\\/neken.es\\\/quienes-somos\\\/#breadcrumb\"},\"inLanguage\":\"en-GB\",\"potentialAction\":[{\"@type\":\"ReadAction\",\"target\":[\"https:\\\/\\\/neken.es\\\/quienes-somos\\\/\"]}]},{\"@type\":\"ImageObject\",\"inLanguage\":\"en-GB\",\"@id\":\"https:\\\/\\\/neken.es\\\/quienes-somos\\\/#primaryimage\",\"url\":\"https:\\\/\\\/neken.es\\\/wp-content\\\/uploads\\\/2025\\\/04\\\/neken-asesoria-integral-madrid.jpg\",\"contentUrl\":\"https:\\\/\\\/neken.es\\\/wp-content\\\/uploads\\\/2025\\\/04\\\/neken-asesoria-integral-madrid.jpg\",\"width\":1200,\"height\":600},{\"@type\":\"BreadcrumbList\",\"@id\":\"https:\\\/\\\/neken.es\\\/quienes-somos\\\/#breadcrumb\",\"itemListElement\":[{\"@type\":\"ListItem\",\"position\":1,\"name\":\"Portada\",\"item\":\"https:\\\/\\\/neken.es\\\/\"},{\"@type\":\"ListItem\",\"position\":2,\"name\":\"Qui\u00e9nes Somos\"}]},{\"@type\":\"WebSite\",\"@id\":\"https:\\\/\\\/neken.es\\\/#website\",\"url\":\"https:\\\/\\\/neken.es\\\/\",\"name\":\"Neken\",\"description\":\"My Landing\",\"publisher\":{\"@id\":\"https:\\\/\\\/neken.es\\\/#organization\"},\"potentialAction\":[{\"@type\":\"SearchAction\",\"target\":{\"@type\":\"EntryPoint\",\"urlTemplate\":\"https:\\\/\\\/neken.es\\\/?s={search_term_string}\"},\"query-input\":{\"@type\":\"PropertyValueSpecification\",\"valueRequired\":true,\"valueName\":\"search_term_string\"}}],\"inLanguage\":\"en-GB\"},{\"@type\":\"Organization\",\"@id\":\"https:\\\/\\\/neken.es\\\/#organization\",\"name\":\"Neken\",\"url\":\"https:\\\/\\\/neken.es\\\/\",\"logo\":{\"@type\":\"ImageObject\",\"inLanguage\":\"en-GB\",\"@id\":\"https:\\\/\\\/neken.es\\\/#\\\/schema\\\/logo\\\/image\\\/\",\"url\":\"https:\\\/\\\/neken.es\\\/wp-content\\\/uploads\\\/2025\\\/04\\\/logo-neken1.png\",\"contentUrl\":\"https:\\\/\\\/neken.es\\\/wp-content\\\/uploads\\\/2025\\\/04\\\/logo-neken1.png\",\"width\":212,\"height\":70,\"caption\":\"Neken\"},\"image\":{\"@id\":\"https:\\\/\\\/neken.es\\\/#\\\/schema\\\/logo\\\/image\\\/\"}}]}<\/script>\n<!-- \/ Yoast SEO plugin. -->","yoast_head_json":{"title":"Qui\u00e9nes Somos - Neken","robots":{"index":"index","follow":"follow","max-snippet":"max-snippet:-1","max-image-preview":"max-image-preview:large","max-video-preview":"max-video-preview:-1"},"canonical":"https:\/\/neken.es\/en\/quienes-somos\/","og_locale":"en_GB","og_type":"article","og_title":"Qui\u00e9nes Somos - Neken","og_url":"https:\/\/neken.es\/en\/quienes-somos\/","og_site_name":"Neken","article_modified_time":"2025-04-10T10:41:13+00:00","og_image":[{"width":1200,"height":600,"url":"https:\/\/neken.es\/wp-content\/uploads\/2025\/04\/neken-asesoria-integral-madrid.jpg","type":"image\/jpeg"}],"twitter_card":"summary_large_image","twitter_misc":{"Estimated reading time":"2 minutes"},"schema":{"@context":"https:\/\/schema.org","@graph":[{"@type":"WebPage","@id":"https:\/\/neken.es\/quienes-somos\/","url":"https:\/\/neken.es\/quienes-somos\/","name":"Qui\u00e9nes Somos - Neken","isPartOf":{"@id":"https:\/\/neken.es\/#website"},"primaryImageOfPage":{"@id":"https:\/\/neken.es\/quienes-somos\/#primaryimage"},"image":{"@id":"https:\/\/neken.es\/quienes-somos\/#primaryimage"},"thumbnailUrl":"https:\/\/neken.es\/wp-content\/uploads\/2025\/04\/neken-asesoria-integral-madrid.jpg","datePublished":"2025-04-02T16:29:44+00:00","dateModified":"2025-04-10T10:41:13+00:00","breadcrumb":{"@id":"https:\/\/neken.es\/quienes-somos\/#breadcrumb"},"inLanguage":"en-GB","potentialAction":[{"@type":"ReadAction","target":["https:\/\/neken.es\/quienes-somos\/"]}]},{"@type":"ImageObject","inLanguage":"en-GB","@id":"https:\/\/neken.es\/quienes-somos\/#primaryimage","url":"https:\/\/neken.es\/wp-content\/uploads\/2025\/04\/neken-asesoria-integral-madrid.jpg","contentUrl":"https:\/\/neken.es\/wp-content\/uploads\/2025\/04\/neken-asesoria-integral-madrid.jpg","width":1200,"height":600},{"@type":"BreadcrumbList","@id":"https:\/\/neken.es\/quienes-somos\/#breadcrumb","itemListElement":[{"@type":"ListItem","position":1,"name":"Portada","item":"https:\/\/neken.es\/"},{"@type":"ListItem","position":2,"name":"Qui\u00e9nes Somos"}]},{"@type":"WebSite","@id":"https:\/\/neken.es\/#website","url":"https:\/\/neken.es\/","name":"Neken","description":"My Landing","publisher":{"@id":"https:\/\/neken.es\/#organization"},"potentialAction":[{"@type":"SearchAction","target":{"@type":"EntryPoint","urlTemplate":"https:\/\/neken.es\/?s={search_term_string}"},"query-input":{"@type":"PropertyValueSpecification","valueRequired":true,"valueName":"search_term_string"}}],"inLanguage":"en-GB"},{"@type":"Organization","@id":"https:\/\/neken.es\/#organization","name":"Neken","url":"https:\/\/neken.es\/","logo":{"@type":"ImageObject","inLanguage":"en-GB","@id":"https:\/\/neken.es\/#\/schema\/logo\/image\/","url":"https:\/\/neken.es\/wp-content\/uploads\/2025\/04\/logo-neken1.png","contentUrl":"https:\/\/neken.es\/wp-content\/uploads\/2025\/04\/logo-neken1.png","width":212,"height":70,"caption":"Neken"},"image":{"@id":"https:\/\/neken.es\/#\/schema\/logo\/image\/"}}]}},"_links":{"self":[{"href":"https:\/\/neken.es\/en\/wp-json\/wp\/v2\/pages\/853","targetHints":{"allow":["GET"]}}],"collection":[{"href":"https:\/\/neken.es\/en\/wp-json\/wp\/v2\/pages"}],"about":[{"href":"https:\/\/neken.es\/en\/wp-json\/wp\/v2\/types\/page"}],"author":[{"embeddable":true,"href":"https:\/\/neken.es\/en\/wp-json\/wp\/v2\/users\/1"}],"replies":[{"embeddable":true,"href":"https:\/\/neken.es\/en\/wp-json\/wp\/v2\/comments?post=853"}],"version-history":[{"count":8,"href":"https:\/\/neken.es\/en\/wp-json\/wp\/v2\/pages\/853\/revisions"}],"predecessor-version":[{"id":1021,"href":"https:\/\/neken.es\/en\/wp-json\/wp\/v2\/pages\/853\/revisions\/1021"}],"wp:featuredmedia":[{"embeddable":true,"href":"https:\/\/neken.es\/en\/wp-json\/wp\/v2\/media\/967"}],"wp:attachment":[{"href":"https:\/\/neken.es\/en\/wp-json\/wp\/v2\/media?parent=853"}],"curies":[{"name":"wp","href":"https:\/\/api.w.org\/{rel}","templated":true}]}}