{"id":876,"date":"2025-04-02T18:56:54","date_gmt":"2025-04-02T16:56:54","guid":{"rendered":"https:\/\/neken.es\/?page_id=876"},"modified":"2025-04-10T12:58:47","modified_gmt":"2025-04-10T10:58:47","slug":"asesoria-fiscal-contable","status":"publish","type":"page","link":"https:\/\/neken.es\/en\/asesoria-fiscal-contable\/","title":{"rendered":"Tax advisory and Accounting"},"content":{"rendered":"<div class=\"wpb-content-wrapper\"><div class=\"vc_section vc_custom_1671107092889 wpex-relative\"><div class=\"vc_row wpb_row vc_row-fluid vc_custom_1731003994469 wpex-vc-full-width-row wpex-vc-full-width-row--centered wpex-relative wpex-vc_row-has-fill wpex-vc-reset-negative-margin wpex-has-overlay wpex-has-overlay--69dfe567920b3\"><div class=\"wpex-bg-overlay-wrap wpex-absolute wpex-inset-0 wpex-rounded-inherit\"><style class=\"wpex-bg-overlay-css\">.wpex-has-overlay--69dfe567920b3 > .wpex-bg-overlay-wrap .wpex-bg-overlay{background-color:#000000;opacity:25%;}<\/style><span class=\"wpex-bg-overlay dark wpex-absolute wpex-inset-0 wpex-rounded-inherit wpex-duration-500 wpex-opacity-60 wpex-bg-black\"><\/span><\/div><div class=\"wpb_column vc_column_container vc_col-sm-3\"><div class=\"vc_column-inner vc_custom_1671121191666\"><div class=\"wpb_wrapper\"><\/div><\/div><\/div><div class=\"wpb_column vc_column_container vc_col-sm-6\"><div class=\"vc_column-inner\"><div class=\"wpb_wrapper\"><style>.vcex-heading.vcex_69dfe56792e30{color:#ffffff;font-weight:600;text-transform:uppercase;}<\/style><h1 class=\"vcex-heading vcex-heading-plain vcex-module wpex-heading wpex-text-2xl wpex-text-center vc_custom_1731005243649 vcex_69dfe56792e30\"><span class=\"vcex-heading-inner wpex-inline-block\">Tax advisory and Accounting<\/span><\/h1>\n\t<div style=\"color:#ffffff;font-size:1.2em;text-align:center;\" class=\"wpb_text_column has-custom-color wpex-child-inherit-color wpb_content_element\" >\n\t\t<div class=\"wpb_wrapper\">\n\t\t\t<p>We manage your tax obligations and accounting with rigour and efficiency. We take care of tax planning, tax filing and the general ledger, ensuring regulatory compliance, and optimization of your financial resources.<\/p>\n\n\t\t<\/div>\n\t<\/div>\n<div class=\"vcex-spacing wpex-w-100 wpex-clear\" style=\"height:clamp(50px, 5vmax, 80px);\"><\/div><style>.vcex-button.vcex_69dfe5679424a{background:var(--wpex-accent);color:var(--wpex-on-accent)!important;}.vcex-button.vcex_69dfe5679424a:hover{background:var(--wpex-accent-alt)!important;color:var(--wpex-on-accent-alt)!important;}<\/style><div class=\"theme-button-wrap textcenter wpex-clr\"><a href=\"http:\/\/neken.es\/en\/contacto\/\" class=\"vcex-button theme-button align-center inline vcex_69dfe5679424a\"><span class=\"vcex-button-inner theme-button-inner wpex-flex wpex-flex-wrap wpex-items-center wpex-justify-center\">Contact<\/span><\/a><\/div> <\/div><\/div><\/div><div class=\"wpb_column vc_column_container vc_col-sm-3\"><div class=\"vc_column-inner\"><div class=\"wpb_wrapper\"><\/div><\/div><\/div><\/div><\/div><div class=\"vc_section wpex-vc-full-width-section wpex-vc-full-width-section--centered wpex-relative\"><div class=\"vc_row wpb_row vc_row-fluid vc_custom_1743615169979 wpex-vc-full-width-row wpex-vc-full-width-row--centered wpex-relative no-bottom-margins\"><div class=\"wpb_column vc_column_container vc_col-sm-12\"><div class=\"vc_column-inner\"><div class=\"wpb_wrapper\"><div class=\"vcex-spacing wpex-w-100 wpex-clear\" style=\"height:30px;\"><\/div><\/div><\/div><\/div><\/div><div class=\"vc_row wpb_row vc_row-fluid vc_custom_1743614210522 wpex-vc-full-width-row wpex-vc-full-width-row--centered wpex-relative wpex-cols-right\"><div class=\"wpb_column vc_column_container vc_col-sm-4\"><div class=\"vc_column-inner\"><div class=\"wpb_wrapper\"><figure class=\"vcex-image vcex-module\"><div class=\"vcex-image-inner wpex-relative wpex-inline-block\"><img width=\"600\" height=\"800\" src=\"https:\/\/neken.es\/wp-content\/uploads\/2025\/04\/Planificacion-fiscal-y-optimizacion-de-impuestos.jpg\" class=\"vcex-image-img wpex-align-middle\" alt=\"\" loading=\"lazy\" decoding=\"async\" srcset=\"https:\/\/neken.es\/wp-content\/uploads\/2025\/04\/Planificacion-fiscal-y-optimizacion-de-impuestos.jpg 600w, https:\/\/neken.es\/wp-content\/uploads\/2025\/04\/Planificacion-fiscal-y-optimizacion-de-impuestos-225x300.jpg 225w\" sizes=\"auto, (max-width: 600px) 100vw, 600px\" \/><\/div><\/figure><\/div><\/div><\/div><div class=\"wpb_column vc_column_container vc_col-sm-8\"><div class=\"vc_column-inner\"><div class=\"wpb_wrapper\"><style>.vcex-heading.vcex_69dfe56795af0{font-weight:500;}<\/style><h2 class=\"vcex-heading vcex-heading-plain vcex-module wpex-heading wpex-text-2xl wpex-mb-10 vcex_69dfe56795af0\"><span class=\"vcex-heading-inner wpex-inline-block\">Tax planning and tax optimization<\/span><\/h2><style>.vcex-heading.vcex_69dfe56795df7{font-weight:500;}<\/style><h3 class=\"vcex-heading vcex-heading-plain vcex-module wpex-heading wpex-text-2xl wpex-mb-10 vcex_69dfe56795df7\"><span class=\"vcex-heading-inner wpex-inline-block\">We help you to devise strategies that reduce the tax burden, always within the legal framework.<\/span><\/h3>\n\t<div class=\"wpb_text_column wpb_content_element\" >\n\t\t<div class=\"wpb_wrapper\">\n\t\t\t<p>A good tax planning will not only help you comply with your tax obligations, but that is the key to improving the profitability of your business and make smarter financial decisions. In our office we assist you with a preventive approach, custom, and 100% aligned with your business objectives.<\/p>\n<p>We analyze in detail your tax situation and design a strategy tailored to your activity, volume of business and growth projections. Our goal is clear: reduce your tax burden legally, safely and efficiently, taking full advantage of the deductions, bonuses, and tax benefits offered by the current regulations.<\/p>\n<p>Whether you&#039;re self-employed, sme or large company, we will help you to anticipate taxes such as the personal income TAX, VAT, corporation Tax, withholding or local tax, optimizing each movement prosecutor with a strategic vision and no last minute surprises, and we&#039;ll keep you up to date on possible regulatory changes and improvement opportunities, to always make informed decisions and avoid unnecessary risks.<\/p>\n\n\t\t<\/div>\n\t<\/div>\n<\/div><\/div><\/div><\/div><div class=\"vc_row wpb_row vc_row-fluid vc_custom_1743614183906 wpex-vc-full-width-row wpex-vc-full-width-row--centered wpex-relative wpex-vc_row-has-fill wpex-vc-reset-negative-margin\"><div class=\"wpb_column vc_column_container vc_col-sm-4\"><div class=\"vc_column-inner\"><div class=\"wpb_wrapper\"><figure class=\"vcex-image vcex-module\"><div class=\"vcex-image-inner wpex-relative wpex-inline-block\"><img width=\"800\" height=\"640\" src=\"https:\/\/neken.es\/wp-content\/uploads\/2025\/04\/Contabilidad-y-cierres-anuales.jpg\" class=\"vcex-image-img wpex-align-middle\" alt=\"\" loading=\"lazy\" decoding=\"async\" srcset=\"https:\/\/neken.es\/wp-content\/uploads\/2025\/04\/Contabilidad-y-cierres-anuales.jpg 800w, https:\/\/neken.es\/wp-content\/uploads\/2025\/04\/Contabilidad-y-cierres-anuales-300x240.jpg 300w, https:\/\/neken.es\/wp-content\/uploads\/2025\/04\/Contabilidad-y-cierres-anuales-768x614.jpg 768w\" sizes=\"auto, (max-width: 800px) 100vw, 800px\" \/><\/div><\/figure><\/div><\/div><\/div><div class=\"wpb_column vc_column_container vc_col-sm-8\"><div class=\"vc_column-inner\"><div class=\"wpb_wrapper\"><style>.vcex-heading.vcex_69dfe5679698c{font-weight:500;}<\/style><h2 class=\"vcex-heading vcex-heading-plain vcex-module wpex-heading wpex-text-2xl wpex-mb-10 vcex_69dfe5679698c\"><span class=\"vcex-heading-inner wpex-inline-block\">Accounting and closures annually<\/span><\/h2><style>.vcex-heading.vcex_69dfe56796c9b{font-weight:500;}<\/style><h3 class=\"vcex-heading vcex-heading-plain vcex-module wpex-heading wpex-text-2xl wpex-mb-10 vcex_69dfe56796c9b\"><span class=\"vcex-heading-inner wpex-inline-block\">We take the accounting records of your business and manage locks with total transparency.<\/span><\/h3>\n\t<div class=\"wpb_text_column wpb_content_element\" >\n\t\t<div class=\"wpb_wrapper\">\n\t\t\t<p>We take care of to record, classify, and organize all your accounting operations, complying with the legal principles and applicable accounting. Whether you&#039;re self-employed, sme or an enterprise with more complex structure, manage your accounting with precision and in a personalized way, adapting to the size and sector of your business.<\/p>\n<p>We make closures, accounting and tax a year, making sure that everything is properly reconciled, justified, and submitted on time. We take care of preparing the financial statements, balance sheets, accounts and official books, for that you comply with all your obligations without complications or errors advising throughout the process, we solve your doubts and give you reports with clear and helpful for you to evaluate the performance of your business, plan ahead and make decisions with greater confidence.<\/p>\n\n\t\t<\/div>\n\t<\/div>\n<\/div><\/div><\/div><\/div><div class=\"vc_row wpb_row vc_row-fluid vc_custom_1743614200875 wpex-vc-full-width-row wpex-vc-full-width-row--centered wpex-relative wpex-cols-right\"><div class=\"wpb_column vc_column_container vc_col-sm-4\"><div class=\"vc_column-inner\"><div class=\"wpb_wrapper\"><figure class=\"vcex-image vcex-module\"><div class=\"vcex-image-inner wpex-relative wpex-inline-block\"><img width=\"640\" height=\"800\" src=\"https:\/\/neken.es\/wp-content\/uploads\/2025\/04\/Declaraciones-y-obligaciones-tributarias.jpg\" class=\"vcex-image-img wpex-align-middle\" alt=\"\" loading=\"lazy\" decoding=\"async\" srcset=\"https:\/\/neken.es\/wp-content\/uploads\/2025\/04\/Declaraciones-y-obligaciones-tributarias.jpg 640w, https:\/\/neken.es\/wp-content\/uploads\/2025\/04\/Declaraciones-y-obligaciones-tributarias-240x300.jpg 240w\" sizes=\"auto, (max-width: 640px) 100vw, 640px\" \/><\/div><\/figure><\/div><\/div><\/div><div class=\"wpb_column vc_column_container vc_col-sm-8\"><div class=\"vc_column-inner\"><div class=\"wpb_wrapper\"><style>.vcex-heading.vcex_69dfe5679784a{font-weight:500;}<\/style><h2 class=\"vcex-heading vcex-heading-plain vcex-module wpex-heading wpex-text-2xl wpex-mb-10 vcex_69dfe5679784a\"><span class=\"vcex-heading-inner wpex-inline-block\">Statements and tax obligations<\/span><\/h2><style>.vcex-heading.vcex_69dfe56797b8f{font-weight:500;}<\/style><h3 class=\"vcex-heading vcex-heading-plain vcex-module wpex-heading wpex-text-2xl wpex-mb-10 vcex_69dfe56797b8f\"><span class=\"vcex-heading-inner wpex-inline-block\">We present and manage your VAT returns, income TAX, corporate Tax, among others.<\/span><\/h3>\n\t<div class=\"wpb_text_column wpb_content_element\" >\n\t\t<div class=\"wpb_wrapper\">\n\t\t\t<p>We know that the tax liability may be one of the most complex and sensitive of the management of any company or professional. For this reason, we offer a comprehensive service for that you comply with all your statements and income tax obligations with total peace of mind and without setbacks.<\/p>\n<p>We take care of the preparation, presentation and follow-up of all your statements periodic tax: VAT, income TAX, tax withholdings, payments in instalments, Tax, models, news and any other duty required by the Tax Agency.<\/p>\n<p>We work proactively so that you don&#039;t spend no time, avoiding penalties, surcharges or fees, and making sure that each statement is correct and optimized. Our team analyzes your fiscal situation in depth, always looking for the best strategy, within the legal framework to reduce your tax burden without risks.<\/p>\n<p>With us, your taxes are no longer a concern. To comply with the law, optimize your resources, and you can focus on growing your business, knowing that you are in good hands.<\/p>\n\n\t\t<\/div>\n\t<\/div>\n<\/div><\/div><\/div><\/div><\/div>\n<\/div>","protected":false},"excerpt":{"rendered":"Asesor\u00eda Fiscal y Contable Gestionamos tus obligaciones fiscales y contables con rigor y eficiencia. Nos encargamos de la planificaci\u00f3n fiscal, la presentaci\u00f3n de impuestos y la contabilidad general, garantizando el cumplimiento normativo y la optimizaci\u00f3n de tus recursos financieros. Contactar Planificaci\u00f3n fiscal y optimizaci\u00f3n de impuestosTe ayudamos a dise\u00f1ar estrategias que reduzcan la carga impositiva,&hellip;","protected":false},"author":1,"featured_media":955,"parent":0,"menu_order":3,"comment_status":"closed","ping_status":"closed","template":"","meta":{"footnotes":""},"class_list":["post-876","page","type-page","status-publish","has-post-thumbnail","hentry","entry","has-media"],"yoast_head":"<!-- This site is optimized with the Yoast SEO plugin v27.3 - https:\/\/yoast.com\/product\/yoast-seo-wordpress\/ -->\n<title>Asesor\u00eda Fiscal y Contable - Neken<\/title>\n<meta name=\"robots\" content=\"index, follow, max-snippet:-1, max-image-preview:large, max-video-preview:-1\" \/>\n<link rel=\"canonical\" href=\"https:\/\/neken.es\/en\/asesoria-fiscal-contable\/\" \/>\n<meta property=\"og:locale\" content=\"en_GB\" \/>\n<meta property=\"og:type\" content=\"article\" \/>\n<meta property=\"og:title\" content=\"Asesor\u00eda Fiscal y Contable - Neken\" \/>\n<meta property=\"og:url\" content=\"https:\/\/neken.es\/en\/asesoria-fiscal-contable\/\" \/>\n<meta property=\"og:site_name\" content=\"Neken\" \/>\n<meta property=\"article:modified_time\" content=\"2025-04-10T10:58:47+00:00\" \/>\n<meta property=\"og:image\" content=\"https:\/\/neken.es\/wp-content\/uploads\/2025\/04\/Asesoria-Fiscal-y-Contable-las-rozas.jpg\" \/>\n\t<meta property=\"og:image:width\" content=\"1200\" \/>\n\t<meta property=\"og:image:height\" content=\"600\" \/>\n\t<meta property=\"og:image:type\" content=\"image\/jpeg\" \/>\n<meta name=\"twitter:card\" content=\"summary_large_image\" \/>\n<meta name=\"twitter:label1\" content=\"Estimated reading time\" \/>\n\t<meta name=\"twitter:data1\" content=\"4 minutes\" \/>\n<script type=\"application\/ld+json\" class=\"yoast-schema-graph\">{\"@context\":\"https:\\\/\\\/schema.org\",\"@graph\":[{\"@type\":\"WebPage\",\"@id\":\"https:\\\/\\\/neken.es\\\/asesoria-fiscal-contable\\\/\",\"url\":\"https:\\\/\\\/neken.es\\\/asesoria-fiscal-contable\\\/\",\"name\":\"Asesor\u00eda Fiscal y Contable - Neken\",\"isPartOf\":{\"@id\":\"https:\\\/\\\/neken.es\\\/#website\"},\"primaryImageOfPage\":{\"@id\":\"https:\\\/\\\/neken.es\\\/asesoria-fiscal-contable\\\/#primaryimage\"},\"image\":{\"@id\":\"https:\\\/\\\/neken.es\\\/asesoria-fiscal-contable\\\/#primaryimage\"},\"thumbnailUrl\":\"https:\\\/\\\/neken.es\\\/wp-content\\\/uploads\\\/2025\\\/04\\\/Asesoria-Fiscal-y-Contable-las-rozas.jpg\",\"datePublished\":\"2025-04-02T16:56:54+00:00\",\"dateModified\":\"2025-04-10T10:58:47+00:00\",\"breadcrumb\":{\"@id\":\"https:\\\/\\\/neken.es\\\/asesoria-fiscal-contable\\\/#breadcrumb\"},\"inLanguage\":\"en-GB\",\"potentialAction\":[{\"@type\":\"ReadAction\",\"target\":[\"https:\\\/\\\/neken.es\\\/asesoria-fiscal-contable\\\/\"]}]},{\"@type\":\"ImageObject\",\"inLanguage\":\"en-GB\",\"@id\":\"https:\\\/\\\/neken.es\\\/asesoria-fiscal-contable\\\/#primaryimage\",\"url\":\"https:\\\/\\\/neken.es\\\/wp-content\\\/uploads\\\/2025\\\/04\\\/Asesoria-Fiscal-y-Contable-las-rozas.jpg\",\"contentUrl\":\"https:\\\/\\\/neken.es\\\/wp-content\\\/uploads\\\/2025\\\/04\\\/Asesoria-Fiscal-y-Contable-las-rozas.jpg\",\"width\":1200,\"height\":600},{\"@type\":\"BreadcrumbList\",\"@id\":\"https:\\\/\\\/neken.es\\\/asesoria-fiscal-contable\\\/#breadcrumb\",\"itemListElement\":[{\"@type\":\"ListItem\",\"position\":1,\"name\":\"Portada\",\"item\":\"https:\\\/\\\/neken.es\\\/\"},{\"@type\":\"ListItem\",\"position\":2,\"name\":\"Asesor\u00eda Fiscal y Contable\"}]},{\"@type\":\"WebSite\",\"@id\":\"https:\\\/\\\/neken.es\\\/#website\",\"url\":\"https:\\\/\\\/neken.es\\\/\",\"name\":\"Neken\",\"description\":\"My Landing\",\"publisher\":{\"@id\":\"https:\\\/\\\/neken.es\\\/#organization\"},\"potentialAction\":[{\"@type\":\"SearchAction\",\"target\":{\"@type\":\"EntryPoint\",\"urlTemplate\":\"https:\\\/\\\/neken.es\\\/?s={search_term_string}\"},\"query-input\":{\"@type\":\"PropertyValueSpecification\",\"valueRequired\":true,\"valueName\":\"search_term_string\"}}],\"inLanguage\":\"en-GB\"},{\"@type\":\"Organization\",\"@id\":\"https:\\\/\\\/neken.es\\\/#organization\",\"name\":\"Neken\",\"url\":\"https:\\\/\\\/neken.es\\\/\",\"logo\":{\"@type\":\"ImageObject\",\"inLanguage\":\"en-GB\",\"@id\":\"https:\\\/\\\/neken.es\\\/#\\\/schema\\\/logo\\\/image\\\/\",\"url\":\"https:\\\/\\\/neken.es\\\/wp-content\\\/uploads\\\/2025\\\/04\\\/logo-neken1.png\",\"contentUrl\":\"https:\\\/\\\/neken.es\\\/wp-content\\\/uploads\\\/2025\\\/04\\\/logo-neken1.png\",\"width\":212,\"height\":70,\"caption\":\"Neken\"},\"image\":{\"@id\":\"https:\\\/\\\/neken.es\\\/#\\\/schema\\\/logo\\\/image\\\/\"}}]}<\/script>\n<!-- \/ Yoast SEO plugin. -->","yoast_head_json":{"title":"Asesor\u00eda Fiscal y Contable - Neken","robots":{"index":"index","follow":"follow","max-snippet":"max-snippet:-1","max-image-preview":"max-image-preview:large","max-video-preview":"max-video-preview:-1"},"canonical":"https:\/\/neken.es\/en\/asesoria-fiscal-contable\/","og_locale":"en_GB","og_type":"article","og_title":"Asesor\u00eda Fiscal y Contable - Neken","og_url":"https:\/\/neken.es\/en\/asesoria-fiscal-contable\/","og_site_name":"Neken","article_modified_time":"2025-04-10T10:58:47+00:00","og_image":[{"width":1200,"height":600,"url":"https:\/\/neken.es\/wp-content\/uploads\/2025\/04\/Asesoria-Fiscal-y-Contable-las-rozas.jpg","type":"image\/jpeg"}],"twitter_card":"summary_large_image","twitter_misc":{"Estimated reading time":"4 minutes"},"schema":{"@context":"https:\/\/schema.org","@graph":[{"@type":"WebPage","@id":"https:\/\/neken.es\/asesoria-fiscal-contable\/","url":"https:\/\/neken.es\/asesoria-fiscal-contable\/","name":"Asesor\u00eda Fiscal y Contable - Neken","isPartOf":{"@id":"https:\/\/neken.es\/#website"},"primaryImageOfPage":{"@id":"https:\/\/neken.es\/asesoria-fiscal-contable\/#primaryimage"},"image":{"@id":"https:\/\/neken.es\/asesoria-fiscal-contable\/#primaryimage"},"thumbnailUrl":"https:\/\/neken.es\/wp-content\/uploads\/2025\/04\/Asesoria-Fiscal-y-Contable-las-rozas.jpg","datePublished":"2025-04-02T16:56:54+00:00","dateModified":"2025-04-10T10:58:47+00:00","breadcrumb":{"@id":"https:\/\/neken.es\/asesoria-fiscal-contable\/#breadcrumb"},"inLanguage":"en-GB","potentialAction":[{"@type":"ReadAction","target":["https:\/\/neken.es\/asesoria-fiscal-contable\/"]}]},{"@type":"ImageObject","inLanguage":"en-GB","@id":"https:\/\/neken.es\/asesoria-fiscal-contable\/#primaryimage","url":"https:\/\/neken.es\/wp-content\/uploads\/2025\/04\/Asesoria-Fiscal-y-Contable-las-rozas.jpg","contentUrl":"https:\/\/neken.es\/wp-content\/uploads\/2025\/04\/Asesoria-Fiscal-y-Contable-las-rozas.jpg","width":1200,"height":600},{"@type":"BreadcrumbList","@id":"https:\/\/neken.es\/asesoria-fiscal-contable\/#breadcrumb","itemListElement":[{"@type":"ListItem","position":1,"name":"Portada","item":"https:\/\/neken.es\/"},{"@type":"ListItem","position":2,"name":"Asesor\u00eda Fiscal y Contable"}]},{"@type":"WebSite","@id":"https:\/\/neken.es\/#website","url":"https:\/\/neken.es\/","name":"Neken","description":"My Landing","publisher":{"@id":"https:\/\/neken.es\/#organization"},"potentialAction":[{"@type":"SearchAction","target":{"@type":"EntryPoint","urlTemplate":"https:\/\/neken.es\/?s={search_term_string}"},"query-input":{"@type":"PropertyValueSpecification","valueRequired":true,"valueName":"search_term_string"}}],"inLanguage":"en-GB"},{"@type":"Organization","@id":"https:\/\/neken.es\/#organization","name":"Neken","url":"https:\/\/neken.es\/","logo":{"@type":"ImageObject","inLanguage":"en-GB","@id":"https:\/\/neken.es\/#\/schema\/logo\/image\/","url":"https:\/\/neken.es\/wp-content\/uploads\/2025\/04\/logo-neken1.png","contentUrl":"https:\/\/neken.es\/wp-content\/uploads\/2025\/04\/logo-neken1.png","width":212,"height":70,"caption":"Neken"},"image":{"@id":"https:\/\/neken.es\/#\/schema\/logo\/image\/"}}]}},"_links":{"self":[{"href":"https:\/\/neken.es\/en\/wp-json\/wp\/v2\/pages\/876","targetHints":{"allow":["GET"]}}],"collection":[{"href":"https:\/\/neken.es\/en\/wp-json\/wp\/v2\/pages"}],"about":[{"href":"https:\/\/neken.es\/en\/wp-json\/wp\/v2\/types\/page"}],"author":[{"embeddable":true,"href":"https:\/\/neken.es\/en\/wp-json\/wp\/v2\/users\/1"}],"replies":[{"embeddable":true,"href":"https:\/\/neken.es\/en\/wp-json\/wp\/v2\/comments?post=876"}],"version-history":[{"count":28,"href":"https:\/\/neken.es\/en\/wp-json\/wp\/v2\/pages\/876\/revisions"}],"predecessor-version":[{"id":1031,"href":"https:\/\/neken.es\/en\/wp-json\/wp\/v2\/pages\/876\/revisions\/1031"}],"wp:featuredmedia":[{"embeddable":true,"href":"https:\/\/neken.es\/en\/wp-json\/wp\/v2\/media\/955"}],"wp:attachment":[{"href":"https:\/\/neken.es\/en\/wp-json\/wp\/v2\/media?parent=876"}],"curies":[{"name":"wp","href":"https:\/\/api.w.org\/{rel}","templated":true}]}}