{"id":888,"date":"2025-04-02T19:20:48","date_gmt":"2025-04-02T17:20:48","guid":{"rendered":"https:\/\/neken.es\/?page_id=888"},"modified":"2025-04-10T12:47:49","modified_gmt":"2025-04-10T10:47:49","slug":"asesoria-mercantil","status":"publish","type":"page","link":"https:\/\/neken.es\/en\/asesoria-mercantil\/","title":{"rendered":"Business Advice"},"content":{"rendered":"<div class=\"wpb-content-wrapper\"><div class=\"vc_section vc_custom_1671107092889 wpex-relative\"><div class=\"vc_row wpb_row vc_row-fluid vc_custom_1731003994469 wpex-vc-full-width-row wpex-vc-full-width-row--centered wpex-relative wpex-vc_row-has-fill wpex-vc-reset-negative-margin wpex-has-overlay wpex-has-overlay--69dfed882a1d8\"><div class=\"wpex-bg-overlay-wrap wpex-absolute wpex-inset-0 wpex-rounded-inherit\"><style class=\"wpex-bg-overlay-css\">.wpex-has-overlay--69dfed882a1d8 > .wpex-bg-overlay-wrap .wpex-bg-overlay{background-color:#000000;opacity:25%;}<\/style><span class=\"wpex-bg-overlay dark wpex-absolute wpex-inset-0 wpex-rounded-inherit wpex-duration-500 wpex-opacity-60 wpex-bg-black\"><\/span><\/div><div class=\"wpb_column vc_column_container vc_col-sm-3\"><div class=\"vc_column-inner vc_custom_1671121191666\"><div class=\"wpb_wrapper\"><\/div><\/div><\/div><div class=\"wpb_column vc_column_container vc_col-sm-6\"><div class=\"vc_column-inner\"><div class=\"wpb_wrapper\"><style>.vcex-heading.vcex_69dfed882aef1{color:#ffffff;font-weight:600;text-transform:uppercase;}<\/style><h1 class=\"vcex-heading vcex-heading-plain vcex-module wpex-heading wpex-text-2xl wpex-text-center vc_custom_1731005243649 vcex_69dfed882aef1\"><span class=\"vcex-heading-inner wpex-inline-block\">Business Advice<\/span><\/h1>\n\t<div style=\"color:#ffffff;font-size:1.2em;text-align:center;\" class=\"wpb_text_column has-custom-color wpex-child-inherit-color wpb_content_element\" >\n\t\t<div class=\"wpb_wrapper\">\n\t\t\t<p>Accompany you in the constitution, management and transformation of societies, as well as in the drafting and review of commercial contracts. Our legal team takes care of every step to comply with legal requirements, to protect the interests of your company.<\/p>\n\n\t\t<\/div>\n\t<\/div>\n<div class=\"vcex-spacing wpex-w-100 wpex-clear\" style=\"height:clamp(50px, 5vmax, 80px);\"><\/div><style>.vcex-button.vcex_69dfed882c329{background:var(--wpex-accent);color:var(--wpex-on-accent)!important;}.vcex-button.vcex_69dfed882c329:hover{background:var(--wpex-accent-alt)!important;color:var(--wpex-on-accent-alt)!important;}<\/style><div class=\"theme-button-wrap textcenter wpex-clr\"><a href=\"http:\/\/neken.es\/en\/contacto\/\" class=\"vcex-button theme-button align-center inline vcex_69dfed882c329\"><span class=\"vcex-button-inner theme-button-inner wpex-flex wpex-flex-wrap wpex-items-center wpex-justify-center\">Contact<\/span><\/a><\/div> <\/div><\/div><\/div><div class=\"wpb_column vc_column_container vc_col-sm-3\"><div class=\"vc_column-inner\"><div class=\"wpb_wrapper\"><\/div><\/div><\/div><\/div><\/div><div class=\"vc_section wpex-vc-full-width-section wpex-vc-full-width-section--centered wpex-relative\"><div class=\"vc_row wpb_row vc_row-fluid vc_custom_1731059704559 wpex-vc-full-width-row wpex-vc-full-width-row--centered wpex-relative wpex-vc_row-has-fill no-bottom-margins wpex-vc-reset-negative-margin\"><div class=\"wpb_column vc_column_container vc_col-sm-12\"><div class=\"vc_column-inner\"><div class=\"wpb_wrapper\"><div class=\"vcex-spacing wpex-w-100 wpex-clear\" style=\"height:30px;\"><\/div><\/div><\/div><\/div><\/div><div class=\"vc_row wpb_row vc_row-fluid vc_custom_1743614387405 wpex-vc-full-width-row wpex-vc-full-width-row--centered wpex-relative wpex-vc_row-has-fill wpex-vc-reset-negative-margin\"><div class=\"wpb_column vc_column_container vc_col-sm-4\"><div class=\"vc_column-inner\"><div class=\"wpb_wrapper\"><figure class=\"vcex-image vcex-module\"><div class=\"vcex-image-inner wpex-relative wpex-inline-block\"><img width=\"800\" height=\"640\" src=\"https:\/\/neken.es\/wp-content\/uploads\/2025\/04\/Constitucion-y-modificacion-de-sociedades.jpg\" class=\"vcex-image-img wpex-align-middle\" alt=\"\" loading=\"lazy\" decoding=\"async\" srcset=\"https:\/\/neken.es\/wp-content\/uploads\/2025\/04\/Constitucion-y-modificacion-de-sociedades.jpg 800w, https:\/\/neken.es\/wp-content\/uploads\/2025\/04\/Constitucion-y-modificacion-de-sociedades-300x240.jpg 300w, https:\/\/neken.es\/wp-content\/uploads\/2025\/04\/Constitucion-y-modificacion-de-sociedades-768x614.jpg 768w\" sizes=\"auto, (max-width: 800px) 100vw, 800px\" \/><\/div><\/figure><\/div><\/div><\/div><div class=\"wpb_column vc_column_container vc_col-sm-8\"><div class=\"vc_column-inner\"><div class=\"wpb_wrapper\"><style>.vcex-heading.vcex_69dfed882dc49{font-weight:500;}<\/style><h2 class=\"vcex-heading vcex-heading-plain vcex-module wpex-heading wpex-text-2xl wpex-mb-10 vcex_69dfed882dc49\"><span class=\"vcex-heading-inner wpex-inline-block\">Constitution and change of societies<\/span><\/h2><style>.vcex-heading.vcex_69dfed882df57{font-weight:500;}<\/style><h3 class=\"vcex-heading vcex-heading-plain vcex-module wpex-heading wpex-text-2xl wpex-mb-10 vcex_69dfed882df57\"><span class=\"vcex-heading-inner wpex-inline-block\">We accompany the entire process of creation of your company, as well as potential mergers or acquisitions.<\/span><\/h3>\n\t<div class=\"wpb_text_column wpb_content_element\" >\n\t\t<div class=\"wpb_wrapper\">\n\t\t\t<p>We offer legal advice in the creation and modification of societies, adapting to the needs of each client. We take care of the drafting of articles of association, registration with the Public Registry, and management of notarial procedures.<\/p>\n<p>We also make modifications as increases or reductions of capital, changes in the object or address social transformation of the society, mergers, spin-offs and solutions, among other corporate acts.<\/p>\n<p>Our goal is to provide legal certainty and efficiency at every stage of the process.<\/p>\n\n\t\t<\/div>\n\t<\/div>\n<\/div><\/div><\/div><\/div><div class=\"vc_row wpb_row vc_row-fluid vc_custom_1743614397459 wpex-vc-full-width-row wpex-vc-full-width-row--centered wpex-relative wpex-cols-right\"><div class=\"wpb_column vc_column_container vc_col-sm-4\"><div class=\"vc_column-inner\"><div class=\"wpb_wrapper\"><figure class=\"vcex-image vcex-module\"><div class=\"vcex-image-inner wpex-relative wpex-inline-block\"><img width=\"640\" height=\"800\" src=\"https:\/\/neken.es\/wp-content\/uploads\/2025\/04\/Asesoramiento-para-formalizar-acuerdos-mercantiles.jpg\" class=\"vcex-image-img wpex-align-middle\" alt=\"\" loading=\"lazy\" decoding=\"async\" srcset=\"https:\/\/neken.es\/wp-content\/uploads\/2025\/04\/Asesoramiento-para-formalizar-acuerdos-mercantiles.jpg 640w, https:\/\/neken.es\/wp-content\/uploads\/2025\/04\/Asesoramiento-para-formalizar-acuerdos-mercantiles-240x300.jpg 240w\" sizes=\"auto, (max-width: 640px) 100vw, 640px\" \/><\/div><\/figure><\/div><\/div><\/div><div class=\"wpb_column vc_column_container vc_col-sm-8\"><div class=\"vc_column-inner\"><div class=\"wpb_wrapper\"><style>.vcex-heading.vcex_69dfed882ea86{font-weight:500;}<\/style><h2 class=\"vcex-heading vcex-heading-plain vcex-module wpex-heading wpex-text-2xl wpex-mb-10 vcex_69dfed882ea86\"><span class=\"vcex-heading-inner wpex-inline-block\">Drafting and review of contracts<\/span><\/h2><style>.vcex-heading.vcex_69dfed882ed86{font-weight:500;}<\/style><h3 class=\"vcex-heading vcex-heading-plain vcex-module wpex-heading wpex-text-2xl wpex-mb-10 vcex_69dfed882ed86\"><span class=\"vcex-heading-inner wpex-inline-block\">Advice to formalize agreements commercial.<\/span><\/h3>\n\t<div class=\"wpb_text_column wpb_content_element\" >\n\t\t<div class=\"wpb_wrapper\">\n\t\t\t<p>In a dynamic business environment and competitive, to have contracts well-written, is not only a legal necessity, but a strategic tool to prevent conflict, protect your interests and ensure strong business relationships and long-lasting.<\/p>\n<p>In our office, we can accompany you at every stage of the process of drafting and review of contracts, ensuring that each document accurately reflects your agreements, to be understandable, free of ambiguities and comply with the regulations in force. We know that every business is unique, so we tailor each contract to your specific needs and the particular nature of your operation.<\/p>\n<p>We specialize in advice to formalize agreements commercial safely and efficiently. Whether you&#039;re closing a strategic alliance, establishing conditions of supply, hiring services, signing a purchase and sale or any other type of business operation, we work so that each clause is designed to minimize risks, prevent future misunderstandings and protect your long-term interests.<\/p>\n<p>In addition, we offer you some guidance in the negotiation of contractual terms, helping you make informed decisions, and strategic. Our approach combines legal knowledge with a practical view of the business world, which allows us to offer clear solutions, agile and effective.<\/p>\n\n\t\t<\/div>\n\t<\/div>\n<\/div><\/div><\/div><\/div><\/div>\n<\/div>","protected":false},"excerpt":{"rendered":"Asesor\u00eda Mercantil Te acompa\u00f1amos en la constituci\u00f3n, gesti\u00f3n y transformaci\u00f3n de sociedades, as\u00ed como en la redacci\u00f3n y revisi\u00f3n de contratos mercantiles. Nuestro equipo legal se encarga de que cada paso cumpla con los requisitos legales, protegiendo los intereses de tu empresa. Contactar Constituci\u00f3n y modificaci\u00f3n de sociedadesAcompa\u00f1amos todo el proceso de creaci\u00f3n de tu&hellip;","protected":false},"author":1,"featured_media":945,"parent":0,"menu_order":5,"comment_status":"closed","ping_status":"closed","template":"","meta":{"footnotes":""},"class_list":["post-888","page","type-page","status-publish","has-post-thumbnail","hentry","entry","has-media"],"yoast_head":"<!-- This site is optimized with the Yoast SEO plugin v27.3 - https:\/\/yoast.com\/product\/yoast-seo-wordpress\/ -->\n<title>Asesor\u00eda Mercantil - Neken<\/title>\n<meta name=\"robots\" content=\"index, follow, max-snippet:-1, max-image-preview:large, max-video-preview:-1\" \/>\n<link rel=\"canonical\" href=\"https:\/\/neken.es\/en\/asesoria-mercantil\/\" \/>\n<meta property=\"og:locale\" content=\"en_GB\" \/>\n<meta property=\"og:type\" content=\"article\" \/>\n<meta property=\"og:title\" content=\"Asesor\u00eda Mercantil - Neken\" \/>\n<meta property=\"og:url\" content=\"https:\/\/neken.es\/en\/asesoria-mercantil\/\" \/>\n<meta property=\"og:site_name\" content=\"Neken\" \/>\n<meta property=\"article:modified_time\" content=\"2025-04-10T10:47:49+00:00\" \/>\n<meta property=\"og:image\" content=\"https:\/\/neken.es\/wp-content\/uploads\/2025\/04\/asesoria-mercantil-las-rozas-madrid.jpg\" \/>\n\t<meta property=\"og:image:width\" content=\"1200\" \/>\n\t<meta property=\"og:image:height\" content=\"600\" \/>\n\t<meta property=\"og:image:type\" content=\"image\/jpeg\" \/>\n<meta name=\"twitter:card\" content=\"summary_large_image\" \/>\n<meta name=\"twitter:label1\" content=\"Estimated reading time\" \/>\n\t<meta name=\"twitter:data1\" content=\"3 minutes\" \/>\n<script type=\"application\/ld+json\" class=\"yoast-schema-graph\">{\"@context\":\"https:\\\/\\\/schema.org\",\"@graph\":[{\"@type\":\"WebPage\",\"@id\":\"https:\\\/\\\/neken.es\\\/asesoria-mercantil\\\/\",\"url\":\"https:\\\/\\\/neken.es\\\/asesoria-mercantil\\\/\",\"name\":\"Asesor\u00eda Mercantil - Neken\",\"isPartOf\":{\"@id\":\"https:\\\/\\\/neken.es\\\/#website\"},\"primaryImageOfPage\":{\"@id\":\"https:\\\/\\\/neken.es\\\/asesoria-mercantil\\\/#primaryimage\"},\"image\":{\"@id\":\"https:\\\/\\\/neken.es\\\/asesoria-mercantil\\\/#primaryimage\"},\"thumbnailUrl\":\"https:\\\/\\\/neken.es\\\/wp-content\\\/uploads\\\/2025\\\/04\\\/asesoria-mercantil-las-rozas-madrid.jpg\",\"datePublished\":\"2025-04-02T17:20:48+00:00\",\"dateModified\":\"2025-04-10T10:47:49+00:00\",\"breadcrumb\":{\"@id\":\"https:\\\/\\\/neken.es\\\/asesoria-mercantil\\\/#breadcrumb\"},\"inLanguage\":\"en-GB\",\"potentialAction\":[{\"@type\":\"ReadAction\",\"target\":[\"https:\\\/\\\/neken.es\\\/asesoria-mercantil\\\/\"]}]},{\"@type\":\"ImageObject\",\"inLanguage\":\"en-GB\",\"@id\":\"https:\\\/\\\/neken.es\\\/asesoria-mercantil\\\/#primaryimage\",\"url\":\"https:\\\/\\\/neken.es\\\/wp-content\\\/uploads\\\/2025\\\/04\\\/asesoria-mercantil-las-rozas-madrid.jpg\",\"contentUrl\":\"https:\\\/\\\/neken.es\\\/wp-content\\\/uploads\\\/2025\\\/04\\\/asesoria-mercantil-las-rozas-madrid.jpg\",\"width\":1200,\"height\":600},{\"@type\":\"BreadcrumbList\",\"@id\":\"https:\\\/\\\/neken.es\\\/asesoria-mercantil\\\/#breadcrumb\",\"itemListElement\":[{\"@type\":\"ListItem\",\"position\":1,\"name\":\"Portada\",\"item\":\"https:\\\/\\\/neken.es\\\/\"},{\"@type\":\"ListItem\",\"position\":2,\"name\":\"Asesor\u00eda Mercantil\"}]},{\"@type\":\"WebSite\",\"@id\":\"https:\\\/\\\/neken.es\\\/#website\",\"url\":\"https:\\\/\\\/neken.es\\\/\",\"name\":\"Neken\",\"description\":\"My Landing\",\"publisher\":{\"@id\":\"https:\\\/\\\/neken.es\\\/#organization\"},\"potentialAction\":[{\"@type\":\"SearchAction\",\"target\":{\"@type\":\"EntryPoint\",\"urlTemplate\":\"https:\\\/\\\/neken.es\\\/?s={search_term_string}\"},\"query-input\":{\"@type\":\"PropertyValueSpecification\",\"valueRequired\":true,\"valueName\":\"search_term_string\"}}],\"inLanguage\":\"en-GB\"},{\"@type\":\"Organization\",\"@id\":\"https:\\\/\\\/neken.es\\\/#organization\",\"name\":\"Neken\",\"url\":\"https:\\\/\\\/neken.es\\\/\",\"logo\":{\"@type\":\"ImageObject\",\"inLanguage\":\"en-GB\",\"@id\":\"https:\\\/\\\/neken.es\\\/#\\\/schema\\\/logo\\\/image\\\/\",\"url\":\"https:\\\/\\\/neken.es\\\/wp-content\\\/uploads\\\/2025\\\/04\\\/logo-neken1.png\",\"contentUrl\":\"https:\\\/\\\/neken.es\\\/wp-content\\\/uploads\\\/2025\\\/04\\\/logo-neken1.png\",\"width\":212,\"height\":70,\"caption\":\"Neken\"},\"image\":{\"@id\":\"https:\\\/\\\/neken.es\\\/#\\\/schema\\\/logo\\\/image\\\/\"}}]}<\/script>\n<!-- \/ Yoast SEO plugin. -->","yoast_head_json":{"title":"Asesor\u00eda Mercantil - Neken","robots":{"index":"index","follow":"follow","max-snippet":"max-snippet:-1","max-image-preview":"max-image-preview:large","max-video-preview":"max-video-preview:-1"},"canonical":"https:\/\/neken.es\/en\/asesoria-mercantil\/","og_locale":"en_GB","og_type":"article","og_title":"Asesor\u00eda Mercantil - Neken","og_url":"https:\/\/neken.es\/en\/asesoria-mercantil\/","og_site_name":"Neken","article_modified_time":"2025-04-10T10:47:49+00:00","og_image":[{"width":1200,"height":600,"url":"https:\/\/neken.es\/wp-content\/uploads\/2025\/04\/asesoria-mercantil-las-rozas-madrid.jpg","type":"image\/jpeg"}],"twitter_card":"summary_large_image","twitter_misc":{"Estimated reading time":"3 minutes"},"schema":{"@context":"https:\/\/schema.org","@graph":[{"@type":"WebPage","@id":"https:\/\/neken.es\/asesoria-mercantil\/","url":"https:\/\/neken.es\/asesoria-mercantil\/","name":"Asesor\u00eda Mercantil - Neken","isPartOf":{"@id":"https:\/\/neken.es\/#website"},"primaryImageOfPage":{"@id":"https:\/\/neken.es\/asesoria-mercantil\/#primaryimage"},"image":{"@id":"https:\/\/neken.es\/asesoria-mercantil\/#primaryimage"},"thumbnailUrl":"https:\/\/neken.es\/wp-content\/uploads\/2025\/04\/asesoria-mercantil-las-rozas-madrid.jpg","datePublished":"2025-04-02T17:20:48+00:00","dateModified":"2025-04-10T10:47:49+00:00","breadcrumb":{"@id":"https:\/\/neken.es\/asesoria-mercantil\/#breadcrumb"},"inLanguage":"en-GB","potentialAction":[{"@type":"ReadAction","target":["https:\/\/neken.es\/asesoria-mercantil\/"]}]},{"@type":"ImageObject","inLanguage":"en-GB","@id":"https:\/\/neken.es\/asesoria-mercantil\/#primaryimage","url":"https:\/\/neken.es\/wp-content\/uploads\/2025\/04\/asesoria-mercantil-las-rozas-madrid.jpg","contentUrl":"https:\/\/neken.es\/wp-content\/uploads\/2025\/04\/asesoria-mercantil-las-rozas-madrid.jpg","width":1200,"height":600},{"@type":"BreadcrumbList","@id":"https:\/\/neken.es\/asesoria-mercantil\/#breadcrumb","itemListElement":[{"@type":"ListItem","position":1,"name":"Portada","item":"https:\/\/neken.es\/"},{"@type":"ListItem","position":2,"name":"Asesor\u00eda Mercantil"}]},{"@type":"WebSite","@id":"https:\/\/neken.es\/#website","url":"https:\/\/neken.es\/","name":"Neken","description":"My Landing","publisher":{"@id":"https:\/\/neken.es\/#organization"},"potentialAction":[{"@type":"SearchAction","target":{"@type":"EntryPoint","urlTemplate":"https:\/\/neken.es\/?s={search_term_string}"},"query-input":{"@type":"PropertyValueSpecification","valueRequired":true,"valueName":"search_term_string"}}],"inLanguage":"en-GB"},{"@type":"Organization","@id":"https:\/\/neken.es\/#organization","name":"Neken","url":"https:\/\/neken.es\/","logo":{"@type":"ImageObject","inLanguage":"en-GB","@id":"https:\/\/neken.es\/#\/schema\/logo\/image\/","url":"https:\/\/neken.es\/wp-content\/uploads\/2025\/04\/logo-neken1.png","contentUrl":"https:\/\/neken.es\/wp-content\/uploads\/2025\/04\/logo-neken1.png","width":212,"height":70,"caption":"Neken"},"image":{"@id":"https:\/\/neken.es\/#\/schema\/logo\/image\/"}}]}},"_links":{"self":[{"href":"https:\/\/neken.es\/en\/wp-json\/wp\/v2\/pages\/888","targetHints":{"allow":["GET"]}}],"collection":[{"href":"https:\/\/neken.es\/en\/wp-json\/wp\/v2\/pages"}],"about":[{"href":"https:\/\/neken.es\/en\/wp-json\/wp\/v2\/types\/page"}],"author":[{"embeddable":true,"href":"https:\/\/neken.es\/en\/wp-json\/wp\/v2\/users\/1"}],"replies":[{"embeddable":true,"href":"https:\/\/neken.es\/en\/wp-json\/wp\/v2\/comments?post=888"}],"version-history":[{"count":8,"href":"https:\/\/neken.es\/en\/wp-json\/wp\/v2\/pages\/888\/revisions"}],"predecessor-version":[{"id":1025,"href":"https:\/\/neken.es\/en\/wp-json\/wp\/v2\/pages\/888\/revisions\/1025"}],"wp:featuredmedia":[{"embeddable":true,"href":"https:\/\/neken.es\/en\/wp-json\/wp\/v2\/media\/945"}],"wp:attachment":[{"href":"https:\/\/neken.es\/en\/wp-json\/wp\/v2\/media?parent=888"}],"curies":[{"name":"wp","href":"https:\/\/api.w.org\/{rel}","templated":true}]}}