{"id":898,"date":"2025-04-02T19:34:44","date_gmt":"2025-04-02T17:34:44","guid":{"rendered":"https:\/\/neken.es\/?page_id=898"},"modified":"2025-04-10T12:52:43","modified_gmt":"2025-04-10T10:52:43","slug":"asesoria-laboral","status":"publish","type":"page","link":"https:\/\/neken.es\/en\/asesoria-laboral\/","title":{"rendered":"Job Counseling"},"content":{"rendered":"<div class=\"wpb-content-wrapper\"><div class=\"vc_section vc_custom_1671107092889 wpex-relative\"><div class=\"vc_row wpb_row vc_row-fluid vc_custom_1731003994469 wpex-vc-full-width-row wpex-vc-full-width-row--centered wpex-relative wpex-vc_row-has-fill wpex-vc-reset-negative-margin wpex-has-overlay wpex-has-overlay--69dfe8210acae\"><div class=\"wpex-bg-overlay-wrap wpex-absolute wpex-inset-0 wpex-rounded-inherit\"><style class=\"wpex-bg-overlay-css\">.wpex-has-overlay--69dfe8210acae > .wpex-bg-overlay-wrap .wpex-bg-overlay{background-color:#000000;opacity:25%;}<\/style><span class=\"wpex-bg-overlay dark wpex-absolute wpex-inset-0 wpex-rounded-inherit wpex-duration-500 wpex-opacity-60 wpex-bg-black\"><\/span><\/div><div class=\"wpb_column vc_column_container vc_col-sm-3\"><div class=\"vc_column-inner vc_custom_1671121191666\"><div class=\"wpb_wrapper\"><\/div><\/div><\/div><div class=\"wpb_column vc_column_container vc_col-sm-6\"><div class=\"vc_column-inner\"><div class=\"wpb_wrapper\"><style>.vcex-heading.vcex_69dfe8210ba74{color:#ffffff;font-weight:600;text-transform:uppercase;}<\/style><h1 class=\"vcex-heading vcex-heading-plain vcex-module wpex-heading wpex-text-2xl wpex-text-center vc_custom_1731005243649 vcex_69dfe8210ba74\"><span class=\"vcex-heading-inner wpex-inline-block\">Job Counseling<\/span><\/h1>\n\t<div style=\"color:#ffffff;font-size:1.2em;text-align:center;\" class=\"wpb_text_column has-custom-color wpex-child-inherit-color wpb_content_element\" >\n\t\t<div class=\"wpb_wrapper\">\n\t\t\t<p>We offer comprehensive support in the management of personnel: contracts, payroll, social insurance, layoffs, low, and all kinds of procedures at work. We ensure compliance with the regulations in force and we will help you to make employment decisions with security and confidence.<\/p>\n\n\t\t<\/div>\n\t<\/div>\n<div class=\"vcex-spacing wpex-w-100 wpex-clear\" style=\"height:clamp(50px, 5vmax, 80px);\"><\/div><style>.vcex-button.vcex_69dfe8210ce8b{background:var(--wpex-accent);color:var(--wpex-on-accent)!important;}.vcex-button.vcex_69dfe8210ce8b:hover{background:var(--wpex-accent-alt)!important;color:var(--wpex-on-accent-alt)!important;}<\/style><div class=\"theme-button-wrap textcenter wpex-clr\"><a href=\"http:\/\/neken.es\/en\/contacto\/\" class=\"vcex-button theme-button align-center inline vcex_69dfe8210ce8b\"><span class=\"vcex-button-inner theme-button-inner wpex-flex wpex-flex-wrap wpex-items-center wpex-justify-center\">Contact<\/span><\/a><\/div> <\/div><\/div><\/div><div class=\"wpb_column vc_column_container vc_col-sm-3\"><div class=\"vc_column-inner\"><div class=\"wpb_wrapper\"><\/div><\/div><\/div><\/div><\/div><div class=\"vc_section wpex-vc-full-width-section wpex-vc-full-width-section--centered wpex-relative\"><div class=\"vc_row wpb_row vc_row-fluid vc_custom_1743615169979 wpex-vc-full-width-row wpex-vc-full-width-row--centered wpex-relative no-bottom-margins\"><div class=\"wpb_column vc_column_container vc_col-sm-12\"><div class=\"vc_column-inner\"><div class=\"wpb_wrapper\"><div class=\"vcex-spacing wpex-w-100 wpex-clear\" style=\"height:30px;\"><\/div><\/div><\/div><\/div><\/div><div class=\"vc_row wpb_row vc_row-fluid vc_custom_1743615425107 wpex-vc-full-width-row wpex-vc-full-width-row--centered wpex-relative\"><div class=\"wpb_column vc_column_container vc_col-sm-4\"><div class=\"vc_column-inner\"><div class=\"wpb_wrapper\"><figure class=\"vcex-image vcex-module\"><div class=\"vcex-image-inner wpex-relative wpex-inline-block\"><img width=\"800\" height=\"600\" src=\"https:\/\/neken.es\/wp-content\/uploads\/2025\/04\/Contratos-y-nominas-asesoria-neken-las-rozas.jpg\" class=\"vcex-image-img wpex-align-middle\" alt=\"\" loading=\"lazy\" decoding=\"async\" srcset=\"https:\/\/neken.es\/wp-content\/uploads\/2025\/04\/Contratos-y-nominas-asesoria-neken-las-rozas.jpg 800w, https:\/\/neken.es\/wp-content\/uploads\/2025\/04\/Contratos-y-nominas-asesoria-neken-las-rozas-300x225.jpg 300w, https:\/\/neken.es\/wp-content\/uploads\/2025\/04\/Contratos-y-nominas-asesoria-neken-las-rozas-768x576.jpg 768w\" sizes=\"auto, (max-width: 800px) 100vw, 800px\" \/><\/div><\/figure><\/div><\/div><\/div><div class=\"wpb_column vc_column_container vc_col-sm-8\"><div class=\"vc_column-inner\"><div class=\"wpb_wrapper\"><style>.vcex-heading.vcex_69dfe8210e762{font-weight:500;}<\/style><h2 class=\"vcex-heading vcex-heading-plain vcex-module wpex-heading wpex-text-2xl wpex-mb-10 vcex_69dfe8210e762\"><span class=\"vcex-heading-inner wpex-inline-block\">Contracts and payroll<\/span><\/h2><style>.vcex-heading.vcex_69dfe8210ea5c{font-weight:500;}<\/style><h3 class=\"vcex-heading vcex-heading-plain vcex-module wpex-heading wpex-text-2xl wpex-mb-10 vcex_69dfe8210ea5c\"><span class=\"vcex-heading-inner wpex-inline-block\">We create and manage all types of contracts, payroll, and social insurance.<\/span><\/h3>\n\t<div class=\"wpb_text_column wpb_content_element\" >\n\t\t<div class=\"wpb_wrapper\">\n\t\t\t<p>Our team combines experience, technology and personalized attention to provide you with solutions effective working, always complying with the regulations, and reducing risks of inspections or sanctions.<\/p>\n<p>The correct management of labour issues is key to ensuring its smooth operation and to avoid legal problems, or administrative. That is why we take care of developing and managing all types of employment contracts, payroll, and social insurance, offering a full-service, agile and adapted to the needs of your business and write employment contracts, custom, in accordance with current legislation and aligned with the reality of your company and of each worker. Either indefinite contract, temporary, part-time work, and service or any other modality, we make sure that everything is in order from the first day.<\/p>\n\n\t\t<\/div>\n\t<\/div>\n<\/div><\/div><\/div><\/div><div class=\"vc_row wpb_row vc_row-fluid vc_custom_1743615438947 wpex-vc-full-width-row wpex-vc-full-width-row--centered wpex-relative wpex-vc_row-has-fill wpex-cols-right wpex-vc-reset-negative-margin\"><div class=\"wpb_column vc_column_container vc_col-sm-4\"><div class=\"vc_column-inner\"><div class=\"wpb_wrapper\"><figure class=\"vcex-image vcex-module\"><div class=\"vcex-image-inner wpex-relative wpex-inline-block\"><img width=\"800\" height=\"600\" src=\"https:\/\/neken.es\/wp-content\/uploads\/2025\/04\/tramites-administrativos-ante-la-Seguridad-Social-y-del-calculo-de-finiquitos.jpg\" class=\"vcex-image-img wpex-align-middle\" alt=\"\" loading=\"lazy\" decoding=\"async\" srcset=\"https:\/\/neken.es\/wp-content\/uploads\/2025\/04\/tramites-administrativos-ante-la-Seguridad-Social-y-del-calculo-de-finiquitos.jpg 800w, https:\/\/neken.es\/wp-content\/uploads\/2025\/04\/tramites-administrativos-ante-la-Seguridad-Social-y-del-calculo-de-finiquitos-300x225.jpg 300w, https:\/\/neken.es\/wp-content\/uploads\/2025\/04\/tramites-administrativos-ante-la-Seguridad-Social-y-del-calculo-de-finiquitos-768x576.jpg 768w\" sizes=\"auto, (max-width: 800px) 100vw, 800px\" \/><\/div><\/figure><\/div><\/div><\/div><div class=\"wpb_column vc_column_container vc_col-sm-8\"><div class=\"vc_column-inner\"><div class=\"wpb_wrapper\"><style>.vcex-heading.vcex_69dfe8210f571{font-weight:500;}<\/style><h2 class=\"vcex-heading vcex-heading-plain vcex-module wpex-heading wpex-text-2xl wpex-mb-10 vcex_69dfe8210f571\"><span class=\"vcex-heading-inner wpex-inline-block\">High, low and settlements<\/span><\/h2><style>.vcex-heading.vcex_69dfe8210f867{font-weight:500;}<\/style><h3 class=\"vcex-heading vcex-heading-plain vcex-module wpex-heading wpex-text-2xl wpex-mb-10 vcex_69dfe8210f867\"><span class=\"vcex-heading-inner wpex-inline-block\">We take care of the administrative proceedings before the Social Security and the calculation of settlements.<\/span><\/h3>\n\t<div class=\"wpb_text_column wpb_content_element\" >\n\t\t<div class=\"wpb_wrapper\">\n\t\t\t<p>We make high work quickly and efficiently, managing the onboarding of new employees to the Social Security and preparing the necessary documentation to ensure that everything is in order from the first day. In the case of low voluntary layoffs or termination of contracts, we take care of all the paperwork: from the notification to the calculation and issuance of the settlement, including unpaid wages, vacation is not enjoyed, compensation and any other compensation as appropriate.<\/p>\n<p>Our aim is to offer a service clear, transparent, and without error, minimizing legal risks and optimizing your resources. In addition, we can advise you at every step, helping you to make strategic decisions and in compliance with the current labour legislation.<\/p>\n\n\t\t<\/div>\n\t<\/div>\n<\/div><\/div><\/div><\/div><div class=\"vc_row wpb_row vc_row-fluid vc_custom_1743615444708 wpex-vc-full-width-row wpex-vc-full-width-row--centered wpex-relative\"><div class=\"wpb_column vc_column_container vc_col-sm-4\"><div class=\"vc_column-inner\"><div class=\"wpb_wrapper\"><figure class=\"vcex-image vcex-module\"><div class=\"vcex-image-inner wpex-relative wpex-inline-block\"><img width=\"640\" height=\"800\" src=\"https:\/\/neken.es\/wp-content\/uploads\/2025\/04\/neken-cambios-legislativos-y-convenios-colectivos-para-evitar-sanciones.jpg\" class=\"vcex-image-img wpex-align-middle\" alt=\"\" loading=\"lazy\" decoding=\"async\" srcset=\"https:\/\/neken.es\/wp-content\/uploads\/2025\/04\/neken-cambios-legislativos-y-convenios-colectivos-para-evitar-sanciones.jpg 640w, https:\/\/neken.es\/wp-content\/uploads\/2025\/04\/neken-cambios-legislativos-y-convenios-colectivos-para-evitar-sanciones-240x300.jpg 240w\" sizes=\"auto, (max-width: 640px) 100vw, 640px\" \/><\/div><\/figure><\/div><\/div><\/div><div class=\"wpb_column vc_column_container vc_col-sm-8\"><div class=\"vc_column-inner\"><div class=\"wpb_wrapper\"><style>.vcex-heading.vcex_69dfe82110390{font-weight:500;}<\/style><h2 class=\"vcex-heading vcex-heading-plain vcex-module wpex-heading wpex-text-2xl wpex-mb-10 vcex_69dfe82110390\"><span class=\"vcex-heading-inner wpex-inline-block\">Enforcement of labour regulation<\/span><\/h2><style>.vcex-heading.vcex_69dfe821106d1{font-weight:500;}<\/style><h3 class=\"vcex-heading vcex-heading-plain vcex-module wpex-heading wpex-text-2xl wpex-mb-10 vcex_69dfe821106d1\"><span class=\"vcex-heading-inner wpex-inline-block\">Keeping you up to date on changes in legislation and collective agreements to avoid penalties.<\/span><\/h3>\n\t<div class=\"wpb_text_column wpb_content_element\" >\n\t\t<div class=\"wpb_wrapper\">\n\t\t\t<p>The work environment is in constant evolution: legal reforms, updates in collective agreements, new business obligations... to Keep up is not just a compliance issue, it is a strategic need to protect your business and ensure its smooth functioning.<\/p>\n<p>In our office we specialize in ensuring compliance with all regulations labor force, adapting your management internal to the legislative changes and industry that may affect you. We monitor and update your employment policies, contracts, payroll, and procedures to ensure that everything is aligned with the legal requirements.<\/p>\n<p>We will inform you in a clear and proactive about legal developments, changes in collective bargaining agreements, and updates to regulations, allowing you to make informed decisions and avoid errors that may result in sanctions, inspections or complaints.<\/p>\n<p>In addition, we can advise you on the practical application of labor standards, both to the individual and collective level, minimizing risks, and strengthening the relationship with your workers.<\/p>\n\n\t\t<\/div>\n\t<\/div>\n<\/div><\/div><\/div><\/div><\/div>\n<\/div>","protected":false},"excerpt":{"rendered":"Asesor\u00eda Laboral Ofrecemos soporte integral en la gesti\u00f3n de personal: contratos, n\u00f3minas, seguros sociales, despidos, bajas y todo tipo de tr\u00e1mites laborales. Aseguramos el cumplimiento de la normativa vigente y te ayudamos a tomar decisiones laborales con seguridad y confianza. Contactar Contratos y n\u00f3minasElaboramos y gestionamos todo tipo de contratos, n\u00f3minas y seguros sociales. Nuestro&hellip;","protected":false},"author":1,"featured_media":959,"parent":0,"menu_order":4,"comment_status":"closed","ping_status":"closed","template":"","meta":{"footnotes":""},"class_list":["post-898","page","type-page","status-publish","has-post-thumbnail","hentry","entry","has-media"],"yoast_head":"<!-- This site is optimized with the Yoast SEO plugin v27.3 - https:\/\/yoast.com\/product\/yoast-seo-wordpress\/ -->\n<title>Asesor\u00eda Laboral - Neken<\/title>\n<meta name=\"robots\" content=\"index, follow, max-snippet:-1, max-image-preview:large, max-video-preview:-1\" \/>\n<link rel=\"canonical\" href=\"https:\/\/neken.es\/en\/asesoria-laboral\/\" \/>\n<meta property=\"og:locale\" content=\"en_GB\" \/>\n<meta property=\"og:type\" content=\"article\" \/>\n<meta property=\"og:title\" content=\"Asesor\u00eda Laboral - Neken\" \/>\n<meta property=\"og:url\" content=\"https:\/\/neken.es\/en\/asesoria-laboral\/\" \/>\n<meta property=\"og:site_name\" content=\"Neken\" \/>\n<meta property=\"article:modified_time\" content=\"2025-04-10T10:52:43+00:00\" \/>\n<meta property=\"og:image\" content=\"https:\/\/neken.es\/wp-content\/uploads\/2025\/04\/asesoria-laboral-las-rozas-madrid.jpg\" \/>\n\t<meta property=\"og:image:width\" content=\"1200\" \/>\n\t<meta property=\"og:image:height\" content=\"600\" \/>\n\t<meta property=\"og:image:type\" content=\"image\/jpeg\" \/>\n<meta name=\"twitter:card\" content=\"summary_large_image\" \/>\n<meta name=\"twitter:label1\" content=\"Estimated reading time\" \/>\n\t<meta name=\"twitter:data1\" content=\"4 minutes\" \/>\n<script type=\"application\/ld+json\" class=\"yoast-schema-graph\">{\"@context\":\"https:\\\/\\\/schema.org\",\"@graph\":[{\"@type\":\"WebPage\",\"@id\":\"https:\\\/\\\/neken.es\\\/asesoria-laboral\\\/\",\"url\":\"https:\\\/\\\/neken.es\\\/asesoria-laboral\\\/\",\"name\":\"Asesor\u00eda Laboral - Neken\",\"isPartOf\":{\"@id\":\"https:\\\/\\\/neken.es\\\/#website\"},\"primaryImageOfPage\":{\"@id\":\"https:\\\/\\\/neken.es\\\/asesoria-laboral\\\/#primaryimage\"},\"image\":{\"@id\":\"https:\\\/\\\/neken.es\\\/asesoria-laboral\\\/#primaryimage\"},\"thumbnailUrl\":\"https:\\\/\\\/neken.es\\\/wp-content\\\/uploads\\\/2025\\\/04\\\/asesoria-laboral-las-rozas-madrid.jpg\",\"datePublished\":\"2025-04-02T17:34:44+00:00\",\"dateModified\":\"2025-04-10T10:52:43+00:00\",\"breadcrumb\":{\"@id\":\"https:\\\/\\\/neken.es\\\/asesoria-laboral\\\/#breadcrumb\"},\"inLanguage\":\"en-GB\",\"potentialAction\":[{\"@type\":\"ReadAction\",\"target\":[\"https:\\\/\\\/neken.es\\\/asesoria-laboral\\\/\"]}]},{\"@type\":\"ImageObject\",\"inLanguage\":\"en-GB\",\"@id\":\"https:\\\/\\\/neken.es\\\/asesoria-laboral\\\/#primaryimage\",\"url\":\"https:\\\/\\\/neken.es\\\/wp-content\\\/uploads\\\/2025\\\/04\\\/asesoria-laboral-las-rozas-madrid.jpg\",\"contentUrl\":\"https:\\\/\\\/neken.es\\\/wp-content\\\/uploads\\\/2025\\\/04\\\/asesoria-laboral-las-rozas-madrid.jpg\",\"width\":1200,\"height\":600},{\"@type\":\"BreadcrumbList\",\"@id\":\"https:\\\/\\\/neken.es\\\/asesoria-laboral\\\/#breadcrumb\",\"itemListElement\":[{\"@type\":\"ListItem\",\"position\":1,\"name\":\"Portada\",\"item\":\"https:\\\/\\\/neken.es\\\/\"},{\"@type\":\"ListItem\",\"position\":2,\"name\":\"Asesor\u00eda Laboral\"}]},{\"@type\":\"WebSite\",\"@id\":\"https:\\\/\\\/neken.es\\\/#website\",\"url\":\"https:\\\/\\\/neken.es\\\/\",\"name\":\"Neken\",\"description\":\"My Landing\",\"publisher\":{\"@id\":\"https:\\\/\\\/neken.es\\\/#organization\"},\"potentialAction\":[{\"@type\":\"SearchAction\",\"target\":{\"@type\":\"EntryPoint\",\"urlTemplate\":\"https:\\\/\\\/neken.es\\\/?s={search_term_string}\"},\"query-input\":{\"@type\":\"PropertyValueSpecification\",\"valueRequired\":true,\"valueName\":\"search_term_string\"}}],\"inLanguage\":\"en-GB\"},{\"@type\":\"Organization\",\"@id\":\"https:\\\/\\\/neken.es\\\/#organization\",\"name\":\"Neken\",\"url\":\"https:\\\/\\\/neken.es\\\/\",\"logo\":{\"@type\":\"ImageObject\",\"inLanguage\":\"en-GB\",\"@id\":\"https:\\\/\\\/neken.es\\\/#\\\/schema\\\/logo\\\/image\\\/\",\"url\":\"https:\\\/\\\/neken.es\\\/wp-content\\\/uploads\\\/2025\\\/04\\\/logo-neken1.png\",\"contentUrl\":\"https:\\\/\\\/neken.es\\\/wp-content\\\/uploads\\\/2025\\\/04\\\/logo-neken1.png\",\"width\":212,\"height\":70,\"caption\":\"Neken\"},\"image\":{\"@id\":\"https:\\\/\\\/neken.es\\\/#\\\/schema\\\/logo\\\/image\\\/\"}}]}<\/script>\n<!-- \/ Yoast SEO plugin. -->","yoast_head_json":{"title":"Asesor\u00eda Laboral - Neken","robots":{"index":"index","follow":"follow","max-snippet":"max-snippet:-1","max-image-preview":"max-image-preview:large","max-video-preview":"max-video-preview:-1"},"canonical":"https:\/\/neken.es\/en\/asesoria-laboral\/","og_locale":"en_GB","og_type":"article","og_title":"Asesor\u00eda Laboral - Neken","og_url":"https:\/\/neken.es\/en\/asesoria-laboral\/","og_site_name":"Neken","article_modified_time":"2025-04-10T10:52:43+00:00","og_image":[{"width":1200,"height":600,"url":"https:\/\/neken.es\/wp-content\/uploads\/2025\/04\/asesoria-laboral-las-rozas-madrid.jpg","type":"image\/jpeg"}],"twitter_card":"summary_large_image","twitter_misc":{"Estimated reading time":"4 minutes"},"schema":{"@context":"https:\/\/schema.org","@graph":[{"@type":"WebPage","@id":"https:\/\/neken.es\/asesoria-laboral\/","url":"https:\/\/neken.es\/asesoria-laboral\/","name":"Asesor\u00eda Laboral - Neken","isPartOf":{"@id":"https:\/\/neken.es\/#website"},"primaryImageOfPage":{"@id":"https:\/\/neken.es\/asesoria-laboral\/#primaryimage"},"image":{"@id":"https:\/\/neken.es\/asesoria-laboral\/#primaryimage"},"thumbnailUrl":"https:\/\/neken.es\/wp-content\/uploads\/2025\/04\/asesoria-laboral-las-rozas-madrid.jpg","datePublished":"2025-04-02T17:34:44+00:00","dateModified":"2025-04-10T10:52:43+00:00","breadcrumb":{"@id":"https:\/\/neken.es\/asesoria-laboral\/#breadcrumb"},"inLanguage":"en-GB","potentialAction":[{"@type":"ReadAction","target":["https:\/\/neken.es\/asesoria-laboral\/"]}]},{"@type":"ImageObject","inLanguage":"en-GB","@id":"https:\/\/neken.es\/asesoria-laboral\/#primaryimage","url":"https:\/\/neken.es\/wp-content\/uploads\/2025\/04\/asesoria-laboral-las-rozas-madrid.jpg","contentUrl":"https:\/\/neken.es\/wp-content\/uploads\/2025\/04\/asesoria-laboral-las-rozas-madrid.jpg","width":1200,"height":600},{"@type":"BreadcrumbList","@id":"https:\/\/neken.es\/asesoria-laboral\/#breadcrumb","itemListElement":[{"@type":"ListItem","position":1,"name":"Portada","item":"https:\/\/neken.es\/"},{"@type":"ListItem","position":2,"name":"Asesor\u00eda Laboral"}]},{"@type":"WebSite","@id":"https:\/\/neken.es\/#website","url":"https:\/\/neken.es\/","name":"Neken","description":"My Landing","publisher":{"@id":"https:\/\/neken.es\/#organization"},"potentialAction":[{"@type":"SearchAction","target":{"@type":"EntryPoint","urlTemplate":"https:\/\/neken.es\/?s={search_term_string}"},"query-input":{"@type":"PropertyValueSpecification","valueRequired":true,"valueName":"search_term_string"}}],"inLanguage":"en-GB"},{"@type":"Organization","@id":"https:\/\/neken.es\/#organization","name":"Neken","url":"https:\/\/neken.es\/","logo":{"@type":"ImageObject","inLanguage":"en-GB","@id":"https:\/\/neken.es\/#\/schema\/logo\/image\/","url":"https:\/\/neken.es\/wp-content\/uploads\/2025\/04\/logo-neken1.png","contentUrl":"https:\/\/neken.es\/wp-content\/uploads\/2025\/04\/logo-neken1.png","width":212,"height":70,"caption":"Neken"},"image":{"@id":"https:\/\/neken.es\/#\/schema\/logo\/image\/"}}]}},"_links":{"self":[{"href":"https:\/\/neken.es\/en\/wp-json\/wp\/v2\/pages\/898","targetHints":{"allow":["GET"]}}],"collection":[{"href":"https:\/\/neken.es\/en\/wp-json\/wp\/v2\/pages"}],"about":[{"href":"https:\/\/neken.es\/en\/wp-json\/wp\/v2\/types\/page"}],"author":[{"embeddable":true,"href":"https:\/\/neken.es\/en\/wp-json\/wp\/v2\/users\/1"}],"replies":[{"embeddable":true,"href":"https:\/\/neken.es\/en\/wp-json\/wp\/v2\/comments?post=898"}],"version-history":[{"count":13,"href":"https:\/\/neken.es\/en\/wp-json\/wp\/v2\/pages\/898\/revisions"}],"predecessor-version":[{"id":1029,"href":"https:\/\/neken.es\/en\/wp-json\/wp\/v2\/pages\/898\/revisions\/1029"}],"wp:featuredmedia":[{"embeddable":true,"href":"https:\/\/neken.es\/en\/wp-json\/wp\/v2\/media\/959"}],"wp:attachment":[{"href":"https:\/\/neken.es\/en\/wp-json\/wp\/v2\/media?parent=898"}],"curies":[{"name":"wp","href":"https:\/\/api.w.org\/{rel}","templated":true}]}}